{"id":1018,"date":"2022-01-03T10:15:36","date_gmt":"2022-01-03T09:15:36","guid":{"rendered":"http:\/\/medyk.wroclaw.dolnyslask.pl\/?page_id=1018"},"modified":"2022-07-13T09:14:14","modified_gmt":"2022-07-13T07:14:14","slug":"powiat-lubinski","status":"publish","type":"page","link":"https:\/\/medyk.wroclaw.dolnyslask.pl\/index.php\/powiat-lubinski\/","title":{"rendered":"Powiat Lubi\u0144ski"},"content":{"rendered":"<p><a href=\"http:\/\/medyk.wroclaw.dolnyslask.pl\/index.php\/zespol-szkol-nr-1-w-lubinie-grudzien-2021\/\">Zesp\u00f3\u0142 Szk\u00f3\u0142 Nr 1 w Lubinie Grudzie\u0144 2021<\/a><\/p>\n<p><a href=\"http:\/\/medyk.wroclaw.dolnyslask.pl\/index.php\/zespol-szkol-nr-1-w-lubinie-styczen-2022\/\">Zesp\u00f3\u0142 Szk\u00f3\u0142 Nr 1 w Lubinie Stycze\u0144 2022<\/a><\/p>\n<p><a href=\"http:\/\/medyk.wroclaw.dolnyslask.pl\/index.php\/powiat-lubinski-luty-2022\/\">Powiat Lubi\u0144ski Luty 2022<\/a><\/p>\n<p><a href=\"http:\/\/medyk.wroclaw.dolnyslask.pl\/index.php\/powiat-lubinski-marzec-2022\/\">Powiat Lubi\u0144ski Marzec 2022<\/a><\/p>\n<p><a href=\"http:\/\/medyk.wroclaw.dolnyslask.pl\/index.php\/powiat-lubinski-kwiecien-2022\/\">Powiat Lubi\u0144ski Kwiecie\u0144 2022<\/a><\/p>\n<p><a href=\"http:\/\/medyk.wroclaw.dolnyslask.pl\/index.php\/powiat-lubinski-maj-czerwiec-2022\/\">Powiat Lubi\u0144ski Maj-Czerwiec 2022<\/a><\/p>\n<p>&nbsp;<\/p>\n<p>&nbsp;<\/p>\n<p>&nbsp;<\/p>\n","protected":false},"excerpt":{"rendered":"<p>Zesp\u00f3\u0142 Szk\u00f3\u0142 Nr 1 w Lubinie Grudzie\u0144 2021 Zesp\u00f3\u0142 Szk\u00f3\u0142 Nr 1 w Lubinie Stycze\u0144 2022 Powiat Lubi\u0144ski Luty 2022 Powiat Lubi\u0144ski Marzec 2022 Powiat Lubi\u0144ski Kwiecie\u0144 2022 Powiat Lubi\u0144ski [&hellip;]<\/p>\n","protected":false},"author":15,"featured_media":0,"parent":0,"menu_order":0,"comment_status":"closed","ping_status":"closed","template":"","meta":{"footnotes":""},"class_list":["post-1018","page","type-page","status-publish","hentry","clearfix"],"_links":{"self":[{"href":"https:\/\/medyk.wroclaw.dolnyslask.pl\/index.php\/wp-json\/wp\/v2\/pages\/1018","targetHints":{"allow":["GET"]}}],"collection":[{"href":"https:\/\/medyk.wroclaw.dolnyslask.pl\/index.php\/wp-json\/wp\/v2\/pages"}],"about":[{"href":"https:\/\/medyk.wroclaw.dolnyslask.pl\/index.php\/wp-json\/wp\/v2\/types\/page"}],"author":[{"embeddable":true,"href":"https:\/\/medyk.wroclaw.dolnyslask.pl\/index.php\/wp-json\/wp\/v2\/users\/15"}],"replies":[{"embeddable":true,"href":"https:\/\/medyk.wroclaw.dolnyslask.pl\/index.php\/wp-json\/wp\/v2\/comments?post=1018"}],"version-history":[{"count":5,"href":"https:\/\/medyk.wroclaw.dolnyslask.pl\/index.php\/wp-json\/wp\/v2\/pages\/1018\/revisions"}],"predecessor-version":[{"id":3092,"href":"https:\/\/medyk.wroclaw.dolnyslask.pl\/index.php\/wp-json\/wp\/v2\/pages\/1018\/revisions\/3092"}],"wp:attachment":[{"href":"https:\/\/medyk.wroclaw.dolnyslask.pl\/index.php\/wp-json\/wp\/v2\/media?parent=1018"}],"curies":[{"name":"wp","href":"https:\/\/api.w.org\/{rel}","templated":true}]}}