{"id":1114,"date":"2022-01-03T10:41:14","date_gmt":"2022-01-03T09:41:14","guid":{"rendered":"http:\/\/medyk.wroclaw.dolnyslask.pl\/?page_id=1114"},"modified":"2022-10-07T11:33:53","modified_gmt":"2022-10-07T09:33:53","slug":"organizacja-i-rozliczenie-stazy","status":"publish","type":"page","link":"https:\/\/medyk.wroclaw.dolnyslask.pl\/index.php\/organizacja-i-rozliczenie-stazy\/","title":{"rendered":"Organizacja i Rozliczenie Sta\u017cy"},"content":{"rendered":"<p><strong>Do rozliczenia koszt\u00f3w:<\/strong><\/p>\n<p><a href=\"http:\/\/medyk.wroclaw.dolnyslask.pl\/wp-content\/uploads\/2022\/05\/Zal.-4-Rozliczenie-kosztow.docx\">Za\u0142. 4 Rozliczenie koszt\u00f3w<\/a><\/p>\n<p><a href=\"http:\/\/medyk.wroclaw.dolnyslask.pl\/wp-content\/uploads\/2022\/05\/JAK-WYPELNIC-ZAL.-4-2022.docx\">JAK WYPE\u0141NI\u0106 ZA\u0141. 4 2022<\/a><\/p>\n<p><a href=\"http:\/\/medyk.wroclaw.dolnyslask.pl\/wp-content\/uploads\/2022\/05\/ROZLICZENIE-KROK-PO-KROKU-2021.docx\">ROZLICZENIE KROK PO KROKU 2021<\/a><\/p>\n<p>&nbsp;<\/p>\n<p><strong>Do podpisania umowy na organizacj\u0119 sta\u017cu<\/strong><\/p>\n<p><a href=\"http:\/\/medyk.wroclaw.dolnyslask.pl\/wp-content\/uploads\/2022\/09\/Umowa-DSPM-Pracodawca-2023.docx\">Umowa DSPM-Pracodawca 2023<\/a><\/p>\n<p><a href=\"http:\/\/medyk.wroclaw.dolnyslask.pl\/wp-content\/uploads\/2022\/01\/Zal-1-Program-stazu.doc\">Za\u0142 1 Program sta\u017cu<\/a><\/p>\n<p><a href=\"http:\/\/medyk.wroclaw.dolnyslask.pl\/wp-content\/uploads\/2022\/05\/oswiadczenie-opiekuna-stazu.docx\">o\u015bwiadczenie opiekuna sta\u017cu<\/a><\/p>\n<p>&nbsp;<\/p>\n<p><strong>W trakcie realizacji sta\u017cu:<\/strong><\/p>\n<p><a href=\"http:\/\/medyk.wroclaw.dolnyslask.pl\/wp-content\/uploads\/2022\/01\/Zal-2-Dzienniczek-stazu.docx\">Za\u0142 2 Dzienniczek sta\u017cu<\/a><\/p>\n<p>&nbsp;<\/p>\n<p><strong>Po zako\u0144czeniu stazu<\/strong><\/p>\n<p><a href=\"http:\/\/medyk.wroclaw.dolnyslask.pl\/wp-content\/uploads\/2022\/01\/Zal-3-Certyfikat.docx\">Za\u0142 3 Certyfikat<\/a><\/p>\n","protected":false},"excerpt":{"rendered":"<p>Do rozliczenia koszt\u00f3w: Za\u0142. 4 Rozliczenie koszt\u00f3w JAK WYPE\u0141NI\u0106 ZA\u0141. 4 2022 ROZLICZENIE KROK PO KROKU 2021 &nbsp; Do podpisania umowy na organizacj\u0119 sta\u017cu Umowa DSPM-Pracodawca 2023 Za\u0142 1 Program [&hellip;]<\/p>\n","protected":false},"author":15,"featured_media":0,"parent":0,"menu_order":0,"comment_status":"closed","ping_status":"closed","template":"","meta":{"footnotes":""},"class_list":["post-1114","page","type-page","status-publish","hentry","clearfix"],"_links":{"self":[{"href":"https:\/\/medyk.wroclaw.dolnyslask.pl\/index.php\/wp-json\/wp\/v2\/pages\/1114","targetHints":{"allow":["GET"]}}],"collection":[{"href":"https:\/\/medyk.wroclaw.dolnyslask.pl\/index.php\/wp-json\/wp\/v2\/pages"}],"about":[{"href":"https:\/\/medyk.wroclaw.dolnyslask.pl\/index.php\/wp-json\/wp\/v2\/types\/page"}],"author":[{"embeddable":true,"href":"https:\/\/medyk.wroclaw.dolnyslask.pl\/index.php\/wp-json\/wp\/v2\/users\/15"}],"replies":[{"embeddable":true,"href":"https:\/\/medyk.wroclaw.dolnyslask.pl\/index.php\/wp-json\/wp\/v2\/comments?post=1114"}],"version-history":[{"count":10,"href":"https:\/\/medyk.wroclaw.dolnyslask.pl\/index.php\/wp-json\/wp\/v2\/pages\/1114\/revisions"}],"predecessor-version":[{"id":4425,"href":"https:\/\/medyk.wroclaw.dolnyslask.pl\/index.php\/wp-json\/wp\/v2\/pages\/1114\/revisions\/4425"}],"wp:attachment":[{"href":"https:\/\/medyk.wroclaw.dolnyslask.pl\/index.php\/wp-json\/wp\/v2\/media?parent=1114"}],"curies":[{"name":"wp","href":"https:\/\/api.w.org\/{rel}","templated":true}]}}