{"id":1117,"date":"2022-01-03T10:42:37","date_gmt":"2022-01-03T09:42:37","guid":{"rendered":"http:\/\/medyk.wroclaw.dolnyslask.pl\/?page_id=1117"},"modified":"2022-02-16T08:48:23","modified_gmt":"2022-02-16T07:48:23","slug":"wzory-dokumentow","status":"publish","type":"page","link":"https:\/\/medyk.wroclaw.dolnyslask.pl\/index.php\/wzory-dokumentow\/","title":{"rendered":"Wzory dokument\u00f3w"},"content":{"rendered":"<p><strong>Rekrutacja zaj\u0119cia dodatkowe:<\/strong><\/p>\n<p><strong><a href=\"http:\/\/medyk.wroclaw.dolnyslask.pl\/wp-content\/uploads\/2022\/02\/Regulamin-uczestnictwa-w-zajeciach-przygotowawczych-1.docx\">Regulamin uczestnictwa w zaj\u0119ciach przygotowawczych<\/a><\/strong><\/p>\n<p><strong><a href=\"http:\/\/medyk.wroclaw.dolnyslask.pl\/wp-content\/uploads\/2022\/02\/Zal-4-Deklaracja-uczestnictwa.docx\">Za\u0142 4 Deklaracja uczestnictwa<\/a><\/strong><\/p>\n<p><strong><a href=\"http:\/\/medyk.wroclaw.dolnyslask.pl\/wp-content\/uploads\/2022\/02\/Zal-2-Formularz-SL2014.docx\">Za\u0142 2 Formularz SL2014<\/a><\/strong><\/p>\n<p><strong><a href=\"http:\/\/medyk.wroclaw.dolnyslask.pl\/wp-content\/uploads\/2022\/02\/Zal-1-Deklaracja-udzialu.docx\">Za\u0142 1 Deklaracja udzia\u0142u<\/a><\/strong><\/p>\n<p><strong><a href=\"http:\/\/medyk.wroclaw.dolnyslask.pl\/wp-content\/uploads\/2022\/02\/Zal-5-Osw-uczestn-proj-2.docx\">Za\u0142 5 O\u015bw uczestn proj (2)<\/a><\/strong><\/p>\n<p><strong>Rekrutacja sta\u017c:<\/strong><\/p>\n<p><strong><a href=\"http:\/\/medyk.wroclaw.dolnyslask.pl\/wp-content\/uploads\/2022\/02\/Regulamin-naboru-na-staz.docx\">Regulamin naboru na sta\u017c<\/a><\/strong><\/p>\n<p><strong><a href=\"http:\/\/medyk.wroclaw.dolnyslask.pl\/wp-content\/uploads\/2022\/02\/Zal-3-Deklaracja-uczestn.-w-proj..docx\">Zal 3 Deklaracja uczestn. w proj.<\/a><\/strong><\/p>\n<p><strong><a href=\"http:\/\/medyk.wroclaw.dolnyslask.pl\/wp-content\/uploads\/2022\/02\/Zal-1-Zgloszenie-udzialu.docx\">Za\u0142 1 Zg\u0142oszenie udzia\u0142u<\/a><\/strong><\/p>\n<p><strong><a href=\"http:\/\/medyk.wroclaw.dolnyslask.pl\/wp-content\/uploads\/2022\/02\/Zal-4-Zgoda-uczestnika-projektu-przetwarzanie-danych-osobowych.docx\">Zal 4 Zgoda uczestnika projektu &#8211; przetwarzanie danych osobowych<\/a><\/strong><\/p>\n<p><strong><a href=\"http:\/\/medyk.wroclaw.dolnyslask.pl\/wp-content\/uploads\/2022\/02\/Zal-2-Wykaz-uczestnikow.docx\">Za\u0142 2 Wykaz uczestnik\u00f3w<\/a><\/strong><\/p>\n<p><strong>Nauczyciele:<\/strong><\/p>\n<p><a href=\"http:\/\/medyk.wroclaw.dolnyslask.pl\/wp-content\/uploads\/2022\/02\/Deklaracja-uczestnictwa-nauczyciela.doc\">Deklaracja uczestnictwa nauczyciela<\/a><\/p>\n<p><a href=\"http:\/\/medyk.wroclaw.dolnyslask.pl\/wp-content\/uploads\/2022\/02\/Przydzial-Godzin-w-danym-miesiacu.doc\">Przydzia\u0142 Godzin w danym miesi\u0105cu<\/a><\/p>\n<p><strong><a href=\"http:\/\/medyk.wroclaw.dolnyslask.pl\/wp-content\/uploads\/2022\/02\/miesieczna-karta-czasu-pracy-nauczycieli.doc\">miesieczna karta czasu pracy nauczycieli<\/a><\/strong><\/p>\n<p><strong>Zaj\u0119cia dodatkowe:<\/strong><\/p>\n<p><a href=\"http:\/\/medyk.wroclaw.dolnyslask.pl\/wp-content\/uploads\/2022\/02\/Zal-6-Dziennik-Zajec.doc\">Za\u0142 6 Dziennik Zaj\u0119\u0107<\/a><\/p>\n<p><a href=\"http:\/\/medyk.wroclaw.dolnyslask.pl\/wp-content\/uploads\/2022\/02\/Zal-3-Wykaz-uczestnikow.docx\">Za\u0142 3 Wykaz uczestnik\u00f3w<\/a><\/p>\n<p><a href=\"http:\/\/medyk.wroclaw.dolnyslask.pl\/wp-content\/uploads\/2022\/02\/Zal-7-Program-Zajec-dodatkowych.doc\">Za\u0142 7 Program Zaje\u0107 dodatkowych<\/a><\/p>\n<p><a href=\"http:\/\/medyk.wroclaw.dolnyslask.pl\/wp-content\/uploads\/2022\/02\/Regulamin-uczestnictwa-w-zajeciach-przygotowawczych.docx\">Regulamin uczestnictwa w zaj\u0119ciach przygotowawczych<\/a><\/p>\n<p><a href=\"http:\/\/medyk.wroclaw.dolnyslask.pl\/wp-content\/uploads\/2022\/02\/Zal-8-Wzor-ankiety.doc\">Za\u0142 8 Wz\u00f3r ankiety<\/a><\/p>\n<p><strong>Egzaminy pr\u00f3bne:<\/strong><\/p>\n<p><a href=\"http:\/\/medyk.wroclaw.dolnyslask.pl\/wp-content\/uploads\/2022\/02\/protokol-z-przepr.-egzaminu.docx\">protok\u00f3\u0142 z przepr. egzaminu<\/a><\/p>\n<p><a href=\"http:\/\/medyk.wroclaw.dolnyslask.pl\/wp-content\/uploads\/2022\/02\/Wykaz-uczestnikow-na-probnym-egzaminie.docx\">Wykaz uczestnik\u00f3w na pr\u00f3bnym egzaminie<\/a><\/p>\n<p><a href=\"http:\/\/medyk.wroclaw.dolnyslask.pl\/wp-content\/uploads\/2022\/02\/sprawozdanie-nauczycieli-z-wykorzystania-doposazenia-podczas-probnych-egzaminow-zawodowych.docx\">s<\/a><a href=\"http:\/\/medyk.wroclaw.dolnyslask.pl\/wp-content\/uploads\/2022\/02\/sprawozdanie-nauczycieli-z-wykorzystania-doposazenia-podczas-probnych-egzaminow-zawodowych.docx\">prawozdanie nauczycieli z wykorzystania doposazenia podczas pr\u00f3bnych egzamin\u00f3w zawodowych<\/a><\/p>\n<p><strong>Zajecia przygotowujaco-konsultacyjne:<\/strong><\/p>\n<p><a href=\"http:\/\/medyk.wroclaw.dolnyslask.pl\/wp-content\/uploads\/2022\/02\/wykaz-godzin-konsultacyjno-przygotowawczych-1.doc\">wykaz godzin konsultacyjno przygotowawczych<\/a><\/p>\n<p>&nbsp;<\/p>\n","protected":false},"excerpt":{"rendered":"<p>Rekrutacja zaj\u0119cia dodatkowe: Regulamin uczestnictwa w zaj\u0119ciach przygotowawczych Za\u0142 4 Deklaracja uczestnictwa Za\u0142 2 Formularz SL2014 Za\u0142 1 Deklaracja udzia\u0142u Za\u0142 5 O\u015bw uczestn proj (2) Rekrutacja sta\u017c: Regulamin naboru [&hellip;]<\/p>\n","protected":false},"author":15,"featured_media":0,"parent":0,"menu_order":0,"comment_status":"closed","ping_status":"closed","template":"","meta":{"footnotes":""},"class_list":["post-1117","page","type-page","status-publish","hentry","clearfix"],"_links":{"self":[{"href":"https:\/\/medyk.wroclaw.dolnyslask.pl\/index.php\/wp-json\/wp\/v2\/pages\/1117","targetHints":{"allow":["GET"]}}],"collection":[{"href":"https:\/\/medyk.wroclaw.dolnyslask.pl\/index.php\/wp-json\/wp\/v2\/pages"}],"about":[{"href":"https:\/\/medyk.wroclaw.dolnyslask.pl\/index.php\/wp-json\/wp\/v2\/types\/page"}],"author":[{"embeddable":true,"href":"https:\/\/medyk.wroclaw.dolnyslask.pl\/index.php\/wp-json\/wp\/v2\/users\/15"}],"replies":[{"embeddable":true,"href":"https:\/\/medyk.wroclaw.dolnyslask.pl\/index.php\/wp-json\/wp\/v2\/comments?post=1117"}],"version-history":[{"count":9,"href":"https:\/\/medyk.wroclaw.dolnyslask.pl\/index.php\/wp-json\/wp\/v2\/pages\/1117\/revisions"}],"predecessor-version":[{"id":1600,"href":"https:\/\/medyk.wroclaw.dolnyslask.pl\/index.php\/wp-json\/wp\/v2\/pages\/1117\/revisions\/1600"}],"wp:attachment":[{"href":"https:\/\/medyk.wroclaw.dolnyslask.pl\/index.php\/wp-json\/wp\/v2\/media?parent=1117"}],"curies":[{"name":"wp","href":"https:\/\/api.w.org\/{rel}","templated":true}]}}