{"id":12671,"date":"2026-04-21T16:21:27","date_gmt":"2026-04-21T14:21:27","guid":{"rendered":"https:\/\/medyk.wroclaw.dolnyslask.pl\/?page_id=12671"},"modified":"2026-04-21T16:48:47","modified_gmt":"2026-04-21T14:48:47","slug":"kacik-wiedzy","status":"publish","type":"page","link":"https:\/\/medyk.wroclaw.dolnyslask.pl\/index.php\/kacik-wiedzy\/","title":{"rendered":"K\u0104CIK WIEDZY"},"content":{"rendered":"<p>[vc_row][vc_column][vc_column_text]<\/p>\n<p data-path-to-node=\"1\">Serdecznie zapraszamy do zapoznania si\u0119 z wyj\u0105tkowymi materia\u0142ami informacyjnymi, naukowymi oraz kierunkowymi, kt\u00f3re zosta\u0142y z pasj\u0105 przygotowane przez naszych zdolnych s\u0142uchaczy.<\/p>\n<p data-path-to-node=\"2\">B\u0119dziecie mieli okazj\u0119 zobaczy\u0107 efekty ich ci\u0119\u017ckiej pracy i zaanga\u017cowania, w tym m.in.:<\/p>\n<ul data-path-to-node=\"3\">\n<li>\n<p data-path-to-node=\"3,0,0\"><b data-path-to-node=\"3,0,0\" data-index-in-node=\"0\">Kreatywne plakaty<\/b> przybli\u017caj\u0105ce tajniki zawod\u00f3w medycznych,<\/p>\n<\/li>\n<li>\n<p data-path-to-node=\"3,1,0\"><b data-path-to-node=\"3,1,0\" data-index-in-node=\"0\">Merytoryczne prezentacje<\/b> pe\u0142ne specjalistycznej wiedzy,<\/p>\n<\/li>\n<li>\n<p data-path-to-node=\"3,2,0\"><b data-path-to-node=\"3,2,0\" data-index-in-node=\"0\">Ciekawe filmy<\/b> i wiele innych, autorskich dzie\u0142.<\/p>\n<\/li>\n<\/ul>\n<p data-path-to-node=\"4\">To doskona\u0142a okazja, aby przekona\u0107 si\u0119, jak w praktyce wygl\u0105da nauka w naszej szkole i z jakim zaanga\u017cowaniem nasi uczniowie podchodz\u0105 do swoich przysz\u0142ych zawod\u00f3w. Zach\u0119camy do ogl\u0105dania, inspirowania si\u0119 i docenienia ich wysi\u0142ku!<\/p>\n<p>[\/vc_column_text][\/vc_column][\/vc_row][vc_row][vc_column][vc_separator color=&#8221;black&#8221; border_width=&#8221;3&#8243;][vc_empty_space height=&#8221;5px&#8221;][\/vc_column][\/vc_row][vc_row][vc_column width=&#8221;1\/4&#8243;][vc_column_text]<\/p>\n<h1 style=\"text-align: center;\">PREZENTACJE<\/h1>\n<p>[\/vc_column_text][vc_separator color=&#8221;black&#8221; border_width=&#8221;3&#8243;][vc_images_carousel images=&#8221;12686,12689,12692,12695,12698,12701,12704,12707,12710,12713,12716,12719,12722,12725,12728,12731,12734,12737,12740,12743,12746,12749&#8243; title=&#8221;Lek a suplement&#8221;][\/vc_column][vc_column width=&#8221;1\/4&#8243;][vc_column_text]<\/p>\n<h1 style=\"text-align: center;\">PLAKATY<\/h1>\n<p>[\/vc_column_text][vc_separator color=&#8221;black&#8221; border_width=&#8221;3&#8243;][vc_column_text]<\/p>\n<p style=\"text-align: center;\"><strong>ZDROWE ODCHUDZANIE<\/strong><\/p>\n<div id='pe-gallery-1' class='pe-gallery pe-gallery-12671 columns-1 img-size-medium'><div class='pe-row'><div class='col-md-12'><figure tabindex='0' class='pe-gallery-item pe-gallery-modal' data-mfp-src='#modal-gallery-1-12680'><div class='pe-gallery-image portrait'>\n\t\t\t\t\t\t\t<img loading=\"lazy\" decoding=\"async\" width=\"167\" height=\"300\" src=\"https:\/\/medyk.wroclaw.dolnyslask.pl\/wp-content\/uploads\/2026\/04\/plakat-ozempic-1-167x300.jpg\" class=\"attachment-medium size-medium\" alt=\"\" data-no-retina=\"\" srcset=\"https:\/\/medyk.wroclaw.dolnyslask.pl\/wp-content\/uploads\/2026\/04\/plakat-ozempic-1-167x300.jpg 167w, https:\/\/medyk.wroclaw.dolnyslask.pl\/wp-content\/uploads\/2026\/04\/plakat-ozempic-1-572x1024.jpg 572w, https:\/\/medyk.wroclaw.dolnyslask.pl\/wp-content\/uploads\/2026\/04\/plakat-ozempic-1-768x1376.jpg 768w, https:\/\/medyk.wroclaw.dolnyslask.pl\/wp-content\/uploads\/2026\/04\/plakat-ozempic-1-857x1536.jpg 857w, https:\/\/medyk.wroclaw.dolnyslask.pl\/wp-content\/uploads\/2026\/04\/plakat-ozempic-1-1143x2048.jpg 1143w, https:\/\/medyk.wroclaw.dolnyslask.pl\/wp-content\/uploads\/2026\/04\/plakat-ozempic-1-scaled.jpg 1429w\" sizes=\"auto, (max-width: 167px) 100vw, 167px\" \/>\n\t\t\t\t\t\t<\/div><\/figure><div id='modal-gallery-1-12680' class='mfp-modal-content mfp-hide' tabindex='-1' role='dialog' aria-labelledby='gallery-1-12680' style='max-width: 1429px;><h4 id='gallery-1-12680'><\/h4><div class='pe-gallery-full-image'><img loading=\"lazy\" decoding=\"async\" width=\"1429\" height=\"2560\" src=\"https:\/\/medyk.wroclaw.dolnyslask.pl\/wp-content\/uploads\/2026\/04\/plakat-ozempic-1-scaled.jpg\" class=\"attachment-full size-full\" alt=\"\" data-no-retina=\"\" srcset=\"https:\/\/medyk.wroclaw.dolnyslask.pl\/wp-content\/uploads\/2026\/04\/plakat-ozempic-1-scaled.jpg 1429w, https:\/\/medyk.wroclaw.dolnyslask.pl\/wp-content\/uploads\/2026\/04\/plakat-ozempic-1-167x300.jpg 167w, https:\/\/medyk.wroclaw.dolnyslask.pl\/wp-content\/uploads\/2026\/04\/plakat-ozempic-1-572x1024.jpg 572w, https:\/\/medyk.wroclaw.dolnyslask.pl\/wp-content\/uploads\/2026\/04\/plakat-ozempic-1-768x1376.jpg 768w, https:\/\/medyk.wroclaw.dolnyslask.pl\/wp-content\/uploads\/2026\/04\/plakat-ozempic-1-857x1536.jpg 857w, https:\/\/medyk.wroclaw.dolnyslask.pl\/wp-content\/uploads\/2026\/04\/plakat-ozempic-1-1143x2048.jpg 1143w\" sizes=\"auto, (max-width: 1429px) 100vw, 1429px\" \/><\/div><p><\/p><\/div><\/div><\/div><\/div>\n\n<p>[\/vc_column_text][\/vc_column][vc_column width=&#8221;1\/4&#8243;][vc_column_text]<\/p>\n<h1 style=\"text-align: center;\">FILMY<\/h1>\n<p>[\/vc_column_text][vc_separator color=&#8221;black&#8221; border_width=&#8221;3&#8243;][\/vc_column][vc_column width=&#8221;1\/4&#8243;][vc_column_text]<\/p>\n<h1 style=\"text-align: center;\">INNE<\/h1>\n<p>[\/vc_column_text][vc_separator color=&#8221;black&#8221; border_width=&#8221;3&#8243;][\/vc_column][\/vc_row]<\/p>\n","protected":false},"excerpt":{"rendered":"<p>[vc_row][vc_column][vc_column_text] Serdecznie zapraszamy do zapoznania si\u0119 z wyj\u0105tkowymi materia\u0142ami informacyjnymi, naukowymi oraz kierunkowymi, kt\u00f3re zosta\u0142y z pasj\u0105 przygotowane przez naszych zdolnych s\u0142uchaczy. B\u0119dziecie mieli okazj\u0119 zobaczy\u0107 efekty ich ci\u0119\u017ckiej pracy [&hellip;]<\/p>\n","protected":false},"author":26,"featured_media":0,"parent":0,"menu_order":0,"comment_status":"closed","ping_status":"closed","template":"","meta":{"footnotes":""},"class_list":["post-12671","page","type-page","status-publish","hentry","clearfix"],"_links":{"self":[{"href":"https:\/\/medyk.wroclaw.dolnyslask.pl\/index.php\/wp-json\/wp\/v2\/pages\/12671","targetHints":{"allow":["GET"]}}],"collection":[{"href":"https:\/\/medyk.wroclaw.dolnyslask.pl\/index.php\/wp-json\/wp\/v2\/pages"}],"about":[{"href":"https:\/\/medyk.wroclaw.dolnyslask.pl\/index.php\/wp-json\/wp\/v2\/types\/page"}],"author":[{"embeddable":true,"href":"https:\/\/medyk.wroclaw.dolnyslask.pl\/index.php\/wp-json\/wp\/v2\/users\/26"}],"replies":[{"embeddable":true,"href":"https:\/\/medyk.wroclaw.dolnyslask.pl\/index.php\/wp-json\/wp\/v2\/comments?post=12671"}],"version-history":[{"count":4,"href":"https:\/\/medyk.wroclaw.dolnyslask.pl\/index.php\/wp-json\/wp\/v2\/pages\/12671\/revisions"}],"predecessor-version":[{"id":12677,"href":"https:\/\/medyk.wroclaw.dolnyslask.pl\/index.php\/wp-json\/wp\/v2\/pages\/12671\/revisions\/12677"}],"wp:attachment":[{"href":"https:\/\/medyk.wroclaw.dolnyslask.pl\/index.php\/wp-json\/wp\/v2\/media?parent=12671"}],"curies":[{"name":"wp","href":"https:\/\/api.w.org\/{rel}","templated":true}]}}