{"id":1291,"date":"2022-01-25T11:08:11","date_gmt":"2022-01-25T10:08:11","guid":{"rendered":"http:\/\/medyk.wroclaw.dolnyslask.pl\/?page_id=1291"},"modified":"2022-01-25T12:08:11","modified_gmt":"2022-01-25T11:08:11","slug":"2021-swidnica-grudzien","status":"publish","type":"page","link":"https:\/\/medyk.wroclaw.dolnyslask.pl\/index.php\/2021-swidnica-grudzien\/","title":{"rendered":"2021 \u015awidnica Grudzie\u0144"},"content":{"rendered":"<p>Grudzie\u0144 2021<\/p>\n<p><a href=\"http:\/\/medyk.wroclaw.dolnyslask.pl\/wp-content\/uploads\/2022\/01\/Harmonogram-ZS-nr-1-grudzien-2021.docx\">Harmonogram ZS nr 1 grudzie\u0144 2021<\/a><\/p>\n<p><a href=\"http:\/\/medyk.wroclaw.dolnyslask.pl\/wp-content\/uploads\/2022\/01\/Harmonogram-ZS-Strzegom-grudzien-2021.doc\">Harmonogram ZS Strzegom grudzie\u0144 2021<\/a><\/p>\n<p><a href=\"http:\/\/medyk.wroclaw.dolnyslask.pl\/wp-content\/uploads\/2022\/01\/Harmonogram-ZS-w-Zarowie-grudzien-2021.doc\">Harmonogram ZS w \u017barowie grudzie\u0144 2021<\/a><\/p>\n<p><a href=\"http:\/\/medyk.wroclaw.dolnyslask.pl\/wp-content\/uploads\/2022\/01\/Harmonogram-ZSB-E-Swidnica-grudzien-2021.doc\">Harmonogram ZSB-E \u015awidnica grudzie\u0144 2021<\/a><\/p>\n<p><a href=\"http:\/\/medyk.wroclaw.dolnyslask.pl\/wp-content\/uploads\/2022\/01\/Harmonogram-ZSE-grudzien-2021.doc\">Harmonogram ZSE grudzie\u0144 2021<\/a><\/p>\n<p><a href=\"http:\/\/medyk.wroclaw.dolnyslask.pl\/wp-content\/uploads\/2022\/01\/Harmonogram-ZSHT-grudzien-2021.doc\">Harmonogram ZSHT grudzie\u0144 2021<\/a><\/p>\n<p><a href=\"http:\/\/medyk.wroclaw.dolnyslask.pl\/wp-content\/uploads\/2022\/01\/Harmonogram-ZSM-grudzien-2021-.doc\">Harmonogram ZSM grudzie\u0144 2021<\/a><\/p>\n","protected":false},"excerpt":{"rendered":"<p>Grudzie\u0144 2021 Harmonogram ZS nr 1 grudzie\u0144 2021 Harmonogram ZS Strzegom grudzie\u0144 2021 Harmonogram ZS w \u017barowie grudzie\u0144 2021 Harmonogram ZSB-E \u015awidnica grudzie\u0144 2021 Harmonogram ZSE grudzie\u0144 2021 Harmonogram ZSHT [&hellip;]<\/p>\n","protected":false},"author":15,"featured_media":0,"parent":0,"menu_order":0,"comment_status":"closed","ping_status":"closed","template":"","meta":{"footnotes":""},"class_list":["post-1291","page","type-page","status-publish","hentry","clearfix"],"_links":{"self":[{"href":"https:\/\/medyk.wroclaw.dolnyslask.pl\/index.php\/wp-json\/wp\/v2\/pages\/1291","targetHints":{"allow":["GET"]}}],"collection":[{"href":"https:\/\/medyk.wroclaw.dolnyslask.pl\/index.php\/wp-json\/wp\/v2\/pages"}],"about":[{"href":"https:\/\/medyk.wroclaw.dolnyslask.pl\/index.php\/wp-json\/wp\/v2\/types\/page"}],"author":[{"embeddable":true,"href":"https:\/\/medyk.wroclaw.dolnyslask.pl\/index.php\/wp-json\/wp\/v2\/users\/15"}],"replies":[{"embeddable":true,"href":"https:\/\/medyk.wroclaw.dolnyslask.pl\/index.php\/wp-json\/wp\/v2\/comments?post=1291"}],"version-history":[{"count":3,"href":"https:\/\/medyk.wroclaw.dolnyslask.pl\/index.php\/wp-json\/wp\/v2\/pages\/1291\/revisions"}],"predecessor-version":[{"id":1313,"href":"https:\/\/medyk.wroclaw.dolnyslask.pl\/index.php\/wp-json\/wp\/v2\/pages\/1291\/revisions\/1313"}],"wp:attachment":[{"href":"https:\/\/medyk.wroclaw.dolnyslask.pl\/index.php\/wp-json\/wp\/v2\/media?parent=1291"}],"curies":[{"name":"wp","href":"https:\/\/api.w.org\/{rel}","templated":true}]}}