{"id":1316,"date":"2022-01-25T12:18:11","date_gmt":"2022-01-25T11:18:11","guid":{"rendered":"http:\/\/medyk.wroclaw.dolnyslask.pl\/?page_id=1316"},"modified":"2022-01-25T12:34:32","modified_gmt":"2022-01-25T11:34:32","slug":"powiat-olesnicki-grudzien-2021","status":"publish","type":"page","link":"https:\/\/medyk.wroclaw.dolnyslask.pl\/index.php\/powiat-olesnicki-grudzien-2021\/","title":{"rendered":"Powiat Ole\u015bnicki Grudzie\u0144 2021"},"content":{"rendered":"<p>Grudzie\u0144 2021<\/p>\n<p><a href=\"http:\/\/medyk.wroclaw.dolnyslask.pl\/wp-content\/uploads\/2022\/01\/ZSP-Twardogora-X-XII-2021.pdf\">ZSP Twardog\u00f3ra X-XII 2021<\/a><\/p>\n<p><a href=\"http:\/\/medyk.wroclaw.dolnyslask.pl\/wp-content\/uploads\/2022\/01\/HARMONOGRAM-12.2021-r_Miedzyborz..docx.doc\">HARMONOGRAM &#8211; 12.2021 r_Mi\u0119dzyb\u00f3rz..docx<\/a><\/p>\n","protected":false},"excerpt":{"rendered":"<p>Grudzie\u0144 2021 ZSP Twardog\u00f3ra X-XII 2021 HARMONOGRAM &#8211; 12.2021 r_Mi\u0119dzyb\u00f3rz..docx<\/p>\n","protected":false},"author":15,"featured_media":0,"parent":0,"menu_order":0,"comment_status":"closed","ping_status":"closed","template":"","meta":{"footnotes":""},"class_list":["post-1316","page","type-page","status-publish","hentry","clearfix"],"_links":{"self":[{"href":"https:\/\/medyk.wroclaw.dolnyslask.pl\/index.php\/wp-json\/wp\/v2\/pages\/1316","targetHints":{"allow":["GET"]}}],"collection":[{"href":"https:\/\/medyk.wroclaw.dolnyslask.pl\/index.php\/wp-json\/wp\/v2\/pages"}],"about":[{"href":"https:\/\/medyk.wroclaw.dolnyslask.pl\/index.php\/wp-json\/wp\/v2\/types\/page"}],"author":[{"embeddable":true,"href":"https:\/\/medyk.wroclaw.dolnyslask.pl\/index.php\/wp-json\/wp\/v2\/users\/15"}],"replies":[{"embeddable":true,"href":"https:\/\/medyk.wroclaw.dolnyslask.pl\/index.php\/wp-json\/wp\/v2\/comments?post=1316"}],"version-history":[{"count":4,"href":"https:\/\/medyk.wroclaw.dolnyslask.pl\/index.php\/wp-json\/wp\/v2\/pages\/1316\/revisions"}],"predecessor-version":[{"id":1339,"href":"https:\/\/medyk.wroclaw.dolnyslask.pl\/index.php\/wp-json\/wp\/v2\/pages\/1316\/revisions\/1339"}],"wp:attachment":[{"href":"https:\/\/medyk.wroclaw.dolnyslask.pl\/index.php\/wp-json\/wp\/v2\/media?parent=1316"}],"curies":[{"name":"wp","href":"https:\/\/api.w.org\/{rel}","templated":true}]}}