{"id":1320,"date":"2022-01-25T12:18:32","date_gmt":"2022-01-25T11:18:32","guid":{"rendered":"http:\/\/medyk.wroclaw.dolnyslask.pl\/?page_id=1320"},"modified":"2022-01-26T09:24:43","modified_gmt":"2022-01-26T08:24:43","slug":"powiat-olesnicki-styczen-2022","status":"publish","type":"page","link":"https:\/\/medyk.wroclaw.dolnyslask.pl\/index.php\/powiat-olesnicki-styczen-2022\/","title":{"rendered":"Powiat Ole\u015bnicki Stycze\u0144 2022"},"content":{"rendered":"<p>Stycze\u0144 2022<\/p>\n<p><a href=\"http:\/\/medyk.wroclaw.dolnyslask.pl\/wp-content\/uploads\/2022\/01\/Harm_wsparcia-ZSP_M_01.2022_POle.doc\">Harm_wsparcia ZSP_M_01.2022_<\/a><\/p>\n<p><a href=\"http:\/\/medyk.wroclaw.dolnyslask.pl\/wp-content\/uploads\/2022\/01\/Harm_wsparcia-ZSP_M_01.2022_POle.doc\">POle<\/a><a href=\"http:\/\/medyk.wroclaw.dolnyslask.pl\/wp-content\/uploads\/2022\/01\/Harmonogram-wsparcia-ZSP_S-01.2022_POle.doc\">Harmonogram wsparcia ZSP_S- 01.2022_<\/a><\/p>\n<p><a href=\"http:\/\/medyk.wroclaw.dolnyslask.pl\/wp-content\/uploads\/2022\/01\/Harmonogram-wsparcia-ZSP_S-01.2022_POle.doc\">POle<\/a><a href=\"http:\/\/medyk.wroclaw.dolnyslask.pl\/wp-content\/uploads\/2022\/01\/Harmonogram-wsparcia-ZSP_T-01.2022_POle.doc.docx\">Harmonogram wsparcia ZSP_T- 01.2022_<\/a><\/p>\n<p><a href=\"http:\/\/medyk.wroclaw.dolnyslask.pl\/wp-content\/uploads\/2022\/01\/Harmonogram-wsparcia-ZSP_T-01.2022_POle.doc.docx\">POle.doc<\/a><a href=\"http:\/\/medyk.wroclaw.dolnyslask.pl\/wp-content\/uploads\/2022\/01\/Harmonogram_wsparcia_ZSP_B_-01-2022_POle.docx\">Harmonogram_wsparcia_ZSP_B_ 01-2022_<\/a><\/p>\n<p><a href=\"http:\/\/medyk.wroclaw.dolnyslask.pl\/wp-content\/uploads\/2022\/01\/Harmonogram_wsparcia_ZSP_B_-01-2022_POle.docx\">POle<\/a><a href=\"http:\/\/medyk.wroclaw.dolnyslask.pl\/wp-content\/uploads\/2022\/01\/Harmonogram_wsparcia_ZSZ_Ol_-01-2022_POle.docx.doc\">Harmonogram_wsparcia_ZSZ_Ol_ 01-2022_POle.docx<\/a><\/p>\n","protected":false},"excerpt":{"rendered":"<p>Stycze\u0144 2022 Harm_wsparcia ZSP_M_01.2022_ POleHarmonogram wsparcia ZSP_S- 01.2022_ POleHarmonogram wsparcia ZSP_T- 01.2022_ POle.docHarmonogram_wsparcia_ZSP_B_ 01-2022_ POleHarmonogram_wsparcia_ZSZ_Ol_ 01-2022_POle.docx<\/p>\n","protected":false},"author":15,"featured_media":0,"parent":0,"menu_order":0,"comment_status":"closed","ping_status":"closed","template":"","meta":{"footnotes":""},"class_list":["post-1320","page","type-page","status-publish","hentry","clearfix"],"_links":{"self":[{"href":"https:\/\/medyk.wroclaw.dolnyslask.pl\/index.php\/wp-json\/wp\/v2\/pages\/1320","targetHints":{"allow":["GET"]}}],"collection":[{"href":"https:\/\/medyk.wroclaw.dolnyslask.pl\/index.php\/wp-json\/wp\/v2\/pages"}],"about":[{"href":"https:\/\/medyk.wroclaw.dolnyslask.pl\/index.php\/wp-json\/wp\/v2\/types\/page"}],"author":[{"embeddable":true,"href":"https:\/\/medyk.wroclaw.dolnyslask.pl\/index.php\/wp-json\/wp\/v2\/users\/15"}],"replies":[{"embeddable":true,"href":"https:\/\/medyk.wroclaw.dolnyslask.pl\/index.php\/wp-json\/wp\/v2\/comments?post=1320"}],"version-history":[{"count":3,"href":"https:\/\/medyk.wroclaw.dolnyslask.pl\/index.php\/wp-json\/wp\/v2\/pages\/1320\/revisions"}],"predecessor-version":[{"id":1355,"href":"https:\/\/medyk.wroclaw.dolnyslask.pl\/index.php\/wp-json\/wp\/v2\/pages\/1320\/revisions\/1355"}],"wp:attachment":[{"href":"https:\/\/medyk.wroclaw.dolnyslask.pl\/index.php\/wp-json\/wp\/v2\/media?parent=1320"}],"curies":[{"name":"wp","href":"https:\/\/api.w.org\/{rel}","templated":true}]}}