{"id":1386,"date":"2022-01-25T13:08:16","date_gmt":"2022-01-25T12:08:16","guid":{"rendered":"http:\/\/medyk.wroclaw.dolnyslask.pl\/?page_id=1386"},"modified":"2022-01-25T13:13:53","modified_gmt":"2022-01-25T12:13:53","slug":"powiat-wroclawski-styczen-2022","status":"publish","type":"page","link":"https:\/\/medyk.wroclaw.dolnyslask.pl\/index.php\/powiat-wroclawski-styczen-2022\/","title":{"rendered":"Powiat Wroc\u0142awski Stycze\u0144 2022"},"content":{"rendered":"<p>Stycze\u0144 2022<\/p>\n<p><a href=\"http:\/\/medyk.wroclaw.dolnyslask.pl\/wp-content\/uploads\/2022\/01\/harmonogram-wsparcia-Pow.-Wroc.-styczen-2022.pdf\">harmonogram wsparcia Pow. Wroc. stycze\u0144 2022<\/a><\/p>\n","protected":false},"excerpt":{"rendered":"<p>Stycze\u0144 2022 harmonogram wsparcia Pow. Wroc. stycze\u0144 2022<\/p>\n","protected":false},"author":15,"featured_media":0,"parent":0,"menu_order":0,"comment_status":"closed","ping_status":"closed","template":"","meta":{"footnotes":""},"class_list":["post-1386","page","type-page","status-publish","hentry","clearfix"],"_links":{"self":[{"href":"https:\/\/medyk.wroclaw.dolnyslask.pl\/index.php\/wp-json\/wp\/v2\/pages\/1386","targetHints":{"allow":["GET"]}}],"collection":[{"href":"https:\/\/medyk.wroclaw.dolnyslask.pl\/index.php\/wp-json\/wp\/v2\/pages"}],"about":[{"href":"https:\/\/medyk.wroclaw.dolnyslask.pl\/index.php\/wp-json\/wp\/v2\/types\/page"}],"author":[{"embeddable":true,"href":"https:\/\/medyk.wroclaw.dolnyslask.pl\/index.php\/wp-json\/wp\/v2\/users\/15"}],"replies":[{"embeddable":true,"href":"https:\/\/medyk.wroclaw.dolnyslask.pl\/index.php\/wp-json\/wp\/v2\/comments?post=1386"}],"version-history":[{"count":2,"href":"https:\/\/medyk.wroclaw.dolnyslask.pl\/index.php\/wp-json\/wp\/v2\/pages\/1386\/revisions"}],"predecessor-version":[{"id":1400,"href":"https:\/\/medyk.wroclaw.dolnyslask.pl\/index.php\/wp-json\/wp\/v2\/pages\/1386\/revisions\/1400"}],"wp:attachment":[{"href":"https:\/\/medyk.wroclaw.dolnyslask.pl\/index.php\/wp-json\/wp\/v2\/media?parent=1386"}],"curies":[{"name":"wp","href":"https:\/\/api.w.org\/{rel}","templated":true}]}}