{"id":1426,"date":"2022-01-26T09:25:46","date_gmt":"2022-01-26T08:25:46","guid":{"rendered":"http:\/\/medyk.wroclaw.dolnyslask.pl\/?page_id=1426"},"modified":"2022-01-26T09:48:39","modified_gmt":"2022-01-26T08:48:39","slug":"klodzko-styczen-2022","status":"publish","type":"page","link":"https:\/\/medyk.wroclaw.dolnyslask.pl\/index.php\/klodzko-styczen-2022\/","title":{"rendered":"K\u0142odzko Stycze\u0144 2022"},"content":{"rendered":"<p>Stycze\u0144 2022<\/p>\n<p><a href=\"http:\/\/medyk.wroclaw.dolnyslask.pl\/wp-content\/uploads\/2022\/01\/Harmonogram-wsparcia-styczen-2022-ZST.doc\">Harmonogram wsparcia stycze\u0144 2022 ZST<\/a><\/p>\n<p><a href=\"http:\/\/medyk.wroclaw.dolnyslask.pl\/wp-content\/uploads\/2022\/01\/Harmonogram_wsparcia-informatycy_I-styczen-NST.docx\">Harmonogram_wsparcia informatycy_I stycze\u0144 &#8211; NST<\/a><\/p>\n<p><a href=\"http:\/\/medyk.wroclaw.dolnyslask.pl\/wp-content\/uploads\/2022\/01\/Harmonogram_wsparcia-styczen-ZSP-Bystrzyca.doc\">Harmonogram_wsparcia stycze\u0144- ZSP Bystrzyca<\/a><\/p>\n<p><a href=\"http:\/\/medyk.wroclaw.dolnyslask.pl\/wp-content\/uploads\/2022\/01\/Harmonogram_wsparcia-01.2022-RST.doc\">Harmonogram_wsparcia &#8211; 01.2022 &#8211; RST<\/a><\/p>\n","protected":false},"excerpt":{"rendered":"<p>Stycze\u0144 2022 Harmonogram wsparcia stycze\u0144 2022 ZST Harmonogram_wsparcia informatycy_I stycze\u0144 &#8211; NST Harmonogram_wsparcia stycze\u0144- ZSP Bystrzyca Harmonogram_wsparcia &#8211; 01.2022 &#8211; RST<\/p>\n","protected":false},"author":15,"featured_media":0,"parent":0,"menu_order":0,"comment_status":"closed","ping_status":"closed","template":"","meta":{"footnotes":""},"class_list":["post-1426","page","type-page","status-publish","hentry","clearfix"],"_links":{"self":[{"href":"https:\/\/medyk.wroclaw.dolnyslask.pl\/index.php\/wp-json\/wp\/v2\/pages\/1426","targetHints":{"allow":["GET"]}}],"collection":[{"href":"https:\/\/medyk.wroclaw.dolnyslask.pl\/index.php\/wp-json\/wp\/v2\/pages"}],"about":[{"href":"https:\/\/medyk.wroclaw.dolnyslask.pl\/index.php\/wp-json\/wp\/v2\/types\/page"}],"author":[{"embeddable":true,"href":"https:\/\/medyk.wroclaw.dolnyslask.pl\/index.php\/wp-json\/wp\/v2\/users\/15"}],"replies":[{"embeddable":true,"href":"https:\/\/medyk.wroclaw.dolnyslask.pl\/index.php\/wp-json\/wp\/v2\/comments?post=1426"}],"version-history":[{"count":3,"href":"https:\/\/medyk.wroclaw.dolnyslask.pl\/index.php\/wp-json\/wp\/v2\/pages\/1426\/revisions"}],"predecessor-version":[{"id":1456,"href":"https:\/\/medyk.wroclaw.dolnyslask.pl\/index.php\/wp-json\/wp\/v2\/pages\/1426\/revisions\/1456"}],"wp:attachment":[{"href":"https:\/\/medyk.wroclaw.dolnyslask.pl\/index.php\/wp-json\/wp\/v2\/media?parent=1426"}],"curies":[{"name":"wp","href":"https:\/\/api.w.org\/{rel}","templated":true}]}}