{"id":1460,"date":"2022-01-26T09:50:46","date_gmt":"2022-01-26T08:50:46","guid":{"rendered":"http:\/\/medyk.wroclaw.dolnyslask.pl\/?page_id=1460"},"modified":"2022-01-28T09:12:03","modified_gmt":"2022-01-28T08:12:03","slug":"gmina-walbrzych-grudzien-2021","status":"publish","type":"page","link":"https:\/\/medyk.wroclaw.dolnyslask.pl\/index.php\/gmina-walbrzych-grudzien-2021\/","title":{"rendered":"Gmina Wa\u0142brzych Grudzie\u0144 2021"},"content":{"rendered":"<p>Grudzie\u0144 21<\/p>\n<p><a href=\"http:\/\/medyk.wroclaw.dolnyslask.pl\/wp-content\/uploads\/2022\/01\/ZS-5-W-ch_Szczeg_harmonogram_wsparcia-_GRUDZIEN_21.doc\">ZS 5 W-ch_Szczeg_harmonogram_wsparcia _GRUDZIE\u0143_21<\/a><\/p>\n","protected":false},"excerpt":{"rendered":"<p>Grudzie\u0144 21 ZS 5 W-ch_Szczeg_harmonogram_wsparcia _GRUDZIE\u0143_21<\/p>\n","protected":false},"author":15,"featured_media":0,"parent":0,"menu_order":0,"comment_status":"closed","ping_status":"closed","template":"","meta":{"footnotes":""},"class_list":["post-1460","page","type-page","status-publish","hentry","clearfix"],"_links":{"self":[{"href":"https:\/\/medyk.wroclaw.dolnyslask.pl\/index.php\/wp-json\/wp\/v2\/pages\/1460","targetHints":{"allow":["GET"]}}],"collection":[{"href":"https:\/\/medyk.wroclaw.dolnyslask.pl\/index.php\/wp-json\/wp\/v2\/pages"}],"about":[{"href":"https:\/\/medyk.wroclaw.dolnyslask.pl\/index.php\/wp-json\/wp\/v2\/types\/page"}],"author":[{"embeddable":true,"href":"https:\/\/medyk.wroclaw.dolnyslask.pl\/index.php\/wp-json\/wp\/v2\/users\/15"}],"replies":[{"embeddable":true,"href":"https:\/\/medyk.wroclaw.dolnyslask.pl\/index.php\/wp-json\/wp\/v2\/comments?post=1460"}],"version-history":[{"count":2,"href":"https:\/\/medyk.wroclaw.dolnyslask.pl\/index.php\/wp-json\/wp\/v2\/pages\/1460\/revisions"}],"predecessor-version":[{"id":1474,"href":"https:\/\/medyk.wroclaw.dolnyslask.pl\/index.php\/wp-json\/wp\/v2\/pages\/1460\/revisions\/1474"}],"wp:attachment":[{"href":"https:\/\/medyk.wroclaw.dolnyslask.pl\/index.php\/wp-json\/wp\/v2\/media?parent=1460"}],"curies":[{"name":"wp","href":"https:\/\/api.w.org\/{rel}","templated":true}]}}