{"id":1465,"date":"2022-01-26T09:51:15","date_gmt":"2022-01-26T08:51:15","guid":{"rendered":"http:\/\/medyk.wroclaw.dolnyslask.pl\/?page_id=1465"},"modified":"2022-01-28T08:54:32","modified_gmt":"2022-01-28T07:54:32","slug":"gmina-walbrzych-styczen-2022","status":"publish","type":"page","link":"https:\/\/medyk.wroclaw.dolnyslask.pl\/index.php\/gmina-walbrzych-styczen-2022\/","title":{"rendered":"Gmina Wa\u0142brzych Stycze\u0144 2022"},"content":{"rendered":"<p>Stycze\u0144 22<\/p>\n<p><a href=\"http:\/\/medyk.wroclaw.dolnyslask.pl\/wp-content\/uploads\/2022\/01\/W-CH-Energetyk-_harmonogram_wsparcia-_styczen-_22.docx\">W-CH Energetyk _harmonogram_wsparcia _stycze\u0144 _22<\/a><\/p>\n","protected":false},"excerpt":{"rendered":"<p>Stycze\u0144 22 W-CH Energetyk _harmonogram_wsparcia _stycze\u0144 _22<\/p>\n","protected":false},"author":15,"featured_media":0,"parent":0,"menu_order":0,"comment_status":"closed","ping_status":"closed","template":"","meta":{"footnotes":""},"class_list":["post-1465","page","type-page","status-publish","hentry","clearfix"],"_links":{"self":[{"href":"https:\/\/medyk.wroclaw.dolnyslask.pl\/index.php\/wp-json\/wp\/v2\/pages\/1465","targetHints":{"allow":["GET"]}}],"collection":[{"href":"https:\/\/medyk.wroclaw.dolnyslask.pl\/index.php\/wp-json\/wp\/v2\/pages"}],"about":[{"href":"https:\/\/medyk.wroclaw.dolnyslask.pl\/index.php\/wp-json\/wp\/v2\/types\/page"}],"author":[{"embeddable":true,"href":"https:\/\/medyk.wroclaw.dolnyslask.pl\/index.php\/wp-json\/wp\/v2\/users\/15"}],"replies":[{"embeddable":true,"href":"https:\/\/medyk.wroclaw.dolnyslask.pl\/index.php\/wp-json\/wp\/v2\/comments?post=1465"}],"version-history":[{"count":3,"href":"https:\/\/medyk.wroclaw.dolnyslask.pl\/index.php\/wp-json\/wp\/v2\/pages\/1465\/revisions"}],"predecessor-version":[{"id":1469,"href":"https:\/\/medyk.wroclaw.dolnyslask.pl\/index.php\/wp-json\/wp\/v2\/pages\/1465\/revisions\/1469"}],"wp:attachment":[{"href":"https:\/\/medyk.wroclaw.dolnyslask.pl\/index.php\/wp-json\/wp\/v2\/media?parent=1465"}],"curies":[{"name":"wp","href":"https:\/\/api.w.org\/{rel}","templated":true}]}}