{"id":197,"date":"2021-07-27T13:51:36","date_gmt":"2021-07-27T11:51:36","guid":{"rendered":"http:\/\/medyk.wroclaw.dolnyslask.pl\/?page_id=197"},"modified":"2023-03-08T12:41:12","modified_gmt":"2023-03-08T11:41:12","slug":"stypendia","status":"publish","type":"page","link":"https:\/\/medyk.wroclaw.dolnyslask.pl\/index.php\/stypendia\/","title":{"rendered":"Stypendia"},"content":{"rendered":"<p><strong>STYPENDIUM ZA WYNIKI W NAUCE<br \/>\n<\/strong><\/p>\n<ul>\n<li><a href=\"http:\/\/medyk.wroclaw.dolnyslask.pl\/wp-content\/uploads\/2022\/08\/Regulamin.pdf\">Regulamin (pdf)<\/a><\/li>\n<li><a href=\"http:\/\/medyk.wroclaw.dolnyslask.pl\/wp-content\/uploads\/2023\/03\/Wniosek-o-przyznanie-stypendium.pdf\">Wniosek o przyznanie stypendium<\/a><a href=\"http:\/\/medyk.wroclaw.dolnyslask.pl\/wp-content\/uploads\/2022\/09\/Wniosek-o-przyznanie-stypendium.pdf\">\u00a0(pdf)<\/a><\/li>\n<\/ul>\n<p>Stypendium za wyniki w nauce mo\u017ce by\u0107 przyznane s\u0142uchaczowi, kt\u00f3ry uzyska\u0142 wysok\u0105 \u015bredni\u0105 ocen w wyniku klasyfikacji semestralnej w semestrze poprzedzaj\u0105cym z\u0142o\u017cenie wniosku o stypendium.<\/p>\n<p>Stypendium za wyniki w nauce przyznaje Dyrektor Szko\u0142y w ramach \u015brodk\u00f3w posiadanych w bud\u017cecie Szko\u0142y, przyznanych przez organ prowadz\u0105cy na ten cel.<\/p>\n<p>Wniosek o przyznanie stypendium, b\u0119d\u0105cy za\u0142\u0105cznikiem do niniejszego Regulaminu, sk\u0142ada s\u0142uchacz do Komisji Stypendialnej w terminach odpowiednio: do ko\u0144ca marca i do ko\u0144ca wrze\u015bnia.<\/p>\n<p>Stypendium za wyniki w nauce jest wyp\u0142acane raz w semestrze, nie p\u00f3\u017aniej ni\u017c odpowiednio: do ko\u0144ca czerwca i do ko\u0144ca grudnia.<\/p>\n<p>&nbsp;<\/p>\n<p><strong>DOLNO\u015aL\u0104SKI PROGRAM POMOCY STYPENDIALNEJ<\/strong><\/p>\n<p>W zwi\u0105zku z Uchwa\u0142\u0105 nr XLVII\/927\/22 Sejmiku Wojew\u00f3dztwa Dolno\u015bl\u0105skiego z dnia 14 lipca 2022 r. w sprawie przyj\u0119cia Regulaminu przyznawania pomocy stypendialnej w roku szkolnym<\/p>\n<p>2022\/2023 w ramach Dolno\u015bl\u0105skiego Programu Pomocy Stypendialnej dla uczni\u00f3w szczeg\u00f3lnie uzdolnionych w zakresie przedmiot\u00f3w zawodowych, finansowanego w ramach Regionalnego<\/p>\n<p>Programu Operacyjnego Wojew\u00f3dztwa Dolno\u015bl\u0105skiego 2014-2020 informujemy o mo\u017cliwo\u015bci sk\u0142adania wniosk\u00f3w na rok szkolny 2022\/2023.<\/p>\n<p>Termin sk\u0142adania wniosk\u00f3w:\u00a0 <strong>01 wrze\u015bnia 2022 r. do<\/strong> <strong>30 wrze\u015bnia 2022 r.<\/strong><\/p>\n<ul>\n<li><a href=\"http:\/\/medyk.wroclaw.dolnyslask.pl\/wp-content\/uploads\/2022\/09\/Uchwala-SWD-z-dnia-14-lipca-2022-r.-Regulamin-2022-2023.pdf\">Uchwala-SWD-z-dnia-14-lipca-2022-r.-Regulamin-2022-2023 (pdf)<\/a><\/li>\n<li><a href=\"http:\/\/medyk.wroclaw.dolnyslask.pl\/wp-content\/uploads\/2022\/09\/Wniosek-o-przyznanie-stypendium-oswiadczenie-o-wykorzystaniu-danych-osobowych-DPPS.doc\">Wniosek-o-przyznanie-stypendium-oswiadczenie-o-wykorzystaniu-danych-osobowych-DPPS (pdf)<\/a><\/li>\n<\/ul>\n<p>&nbsp;<\/p>\n<p><strong>STYPENDIUM ZA WYNIKI W NAUCE<br \/>\n<\/strong><\/p>\n<p><strong><a href=\"\/wp-content\/uploads\/2021\/08\/regulamin_stypendiow_naukowych_komitet.pdf\" target=\"_blank\" rel=\"noopener\">finansowane przez Lokalny Komitet Narodowego Czyny Pomocy Szkole (pdf)<\/a><br \/>\n<\/strong><\/p>\n<p>Stypendium mo\u017ce by\u0107 przyznane s\u0142uchaczowi, kt\u00f3ry uzyska\u0142 wysok\u0105 \u015bredni\u0105 ocen od 4,8 i bardzo dobr\u0105 frekwencj\u0119 oraz wyr\u00f3\u017cniaj\u0105c\u0105 postaw\u0119 w roku szkolnym poprzedzaj\u0105cym rok w kt\u00f3rym przyznawane jest stypendium.<\/p>\n<p>Wniosek o przyznanie jednorazowego stypendium ze wyniki w nauce opiekun roku sk\u0142ada do Komisji Stypendialnej. Stypendium za wyniki w nauce wyp\u0142acane jest raz w roku.<\/p>\n<p>Stypendium przyznawane jest w ramach istniej\u0105cych \u015brodk\u00f3w na koncie Lokalnego Komitetu Pomocy Szkole pozyskanych z darowizn w postaci 1% podatku dochodowego od os\u00f3b fizycznych.<\/p>\n","protected":false},"excerpt":{"rendered":"<p>STYPENDIUM ZA WYNIKI W NAUCE Regulamin (pdf) Wniosek o przyznanie stypendium\u00a0(pdf) Stypendium za wyniki w nauce mo\u017ce by\u0107 przyznane s\u0142uchaczowi, kt\u00f3ry uzyska\u0142 wysok\u0105 \u015bredni\u0105 ocen w wyniku klasyfikacji semestralnej w [&hellip;]<\/p>\n","protected":false},"author":1,"featured_media":0,"parent":0,"menu_order":0,"comment_status":"closed","ping_status":"closed","template":"","meta":{"footnotes":""},"class_list":["post-197","page","type-page","status-publish","hentry","clearfix"],"_links":{"self":[{"href":"https:\/\/medyk.wroclaw.dolnyslask.pl\/index.php\/wp-json\/wp\/v2\/pages\/197","targetHints":{"allow":["GET"]}}],"collection":[{"href":"https:\/\/medyk.wroclaw.dolnyslask.pl\/index.php\/wp-json\/wp\/v2\/pages"}],"about":[{"href":"https:\/\/medyk.wroclaw.dolnyslask.pl\/index.php\/wp-json\/wp\/v2\/types\/page"}],"author":[{"embeddable":true,"href":"https:\/\/medyk.wroclaw.dolnyslask.pl\/index.php\/wp-json\/wp\/v2\/users\/1"}],"replies":[{"embeddable":true,"href":"https:\/\/medyk.wroclaw.dolnyslask.pl\/index.php\/wp-json\/wp\/v2\/comments?post=197"}],"version-history":[{"count":11,"href":"https:\/\/medyk.wroclaw.dolnyslask.pl\/index.php\/wp-json\/wp\/v2\/pages\/197\/revisions"}],"predecessor-version":[{"id":2094,"href":"https:\/\/medyk.wroclaw.dolnyslask.pl\/index.php\/wp-json\/wp\/v2\/pages\/197\/revisions\/2094"}],"wp:attachment":[{"href":"https:\/\/medyk.wroclaw.dolnyslask.pl\/index.php\/wp-json\/wp\/v2\/media?parent=197"}],"curies":[{"name":"wp","href":"https:\/\/api.w.org\/{rel}","templated":true}]}}