{"id":2528,"date":"2022-07-08T08:48:25","date_gmt":"2022-07-08T06:48:25","guid":{"rendered":"http:\/\/medyk.wroclaw.dolnyslask.pl\/?page_id=2528"},"modified":"2022-07-08T08:52:15","modified_gmt":"2022-07-08T06:52:15","slug":"2022-swidnica-luty","status":"publish","type":"page","link":"https:\/\/medyk.wroclaw.dolnyslask.pl\/index.php\/2022-swidnica-luty\/","title":{"rendered":"2022 \u015awidnica Luty"},"content":{"rendered":"<p><a href=\"http:\/\/medyk.wroclaw.dolnyslask.pl\/wp-content\/uploads\/2022\/07\/Harmonogram-ZS-Strzegom-luty-2022.doc\">Harmonogram ZS Strzegom luty 2022<\/a><\/p>\n<p><a href=\"http:\/\/medyk.wroclaw.dolnyslask.pl\/wp-content\/uploads\/2022\/07\/Harmonogram-ZS-Zarow-luty-2022.doc\">Harmonogram ZS \u017bar\u00f3w luty 2022<\/a><\/p>\n<p><a href=\"http:\/\/medyk.wroclaw.dolnyslask.pl\/wp-content\/uploads\/2022\/07\/Harmonogram-ZSB-E-w-Swidnicy-luty-2022.doc\">Harmonogram ZSB-E w \u015awidnicy luty 2022<\/a><\/p>\n<p><a href=\"http:\/\/medyk.wroclaw.dolnyslask.pl\/wp-content\/uploads\/2022\/07\/Harmonogram-ZSE-w-Swidnicy-luty-2022.doc\">Harmonogram ZSE w \u015awidnicy luty 2022<\/a><\/p>\n<p><a href=\"http:\/\/medyk.wroclaw.dolnyslask.pl\/wp-content\/uploads\/2022\/07\/Harmonogram-ZSHT-w-Swidnicy-luty-2022.doc\">Harmonogram ZSHT w \u015awidnicy luty 2022<\/a><\/p>\n","protected":false},"excerpt":{"rendered":"<p>Harmonogram ZS Strzegom luty 2022 Harmonogram ZS \u017bar\u00f3w luty 2022 Harmonogram ZSB-E w \u015awidnicy luty 2022 Harmonogram ZSE w \u015awidnicy luty 2022 Harmonogram ZSHT w \u015awidnicy luty 2022<\/p>\n","protected":false},"author":15,"featured_media":0,"parent":0,"menu_order":0,"comment_status":"closed","ping_status":"closed","template":"","meta":{"footnotes":""},"class_list":["post-2528","page","type-page","status-publish","hentry","clearfix"],"_links":{"self":[{"href":"https:\/\/medyk.wroclaw.dolnyslask.pl\/index.php\/wp-json\/wp\/v2\/pages\/2528","targetHints":{"allow":["GET"]}}],"collection":[{"href":"https:\/\/medyk.wroclaw.dolnyslask.pl\/index.php\/wp-json\/wp\/v2\/pages"}],"about":[{"href":"https:\/\/medyk.wroclaw.dolnyslask.pl\/index.php\/wp-json\/wp\/v2\/types\/page"}],"author":[{"embeddable":true,"href":"https:\/\/medyk.wroclaw.dolnyslask.pl\/index.php\/wp-json\/wp\/v2\/users\/15"}],"replies":[{"embeddable":true,"href":"https:\/\/medyk.wroclaw.dolnyslask.pl\/index.php\/wp-json\/wp\/v2\/comments?post=2528"}],"version-history":[{"count":3,"href":"https:\/\/medyk.wroclaw.dolnyslask.pl\/index.php\/wp-json\/wp\/v2\/pages\/2528\/revisions"}],"predecessor-version":[{"id":2555,"href":"https:\/\/medyk.wroclaw.dolnyslask.pl\/index.php\/wp-json\/wp\/v2\/pages\/2528\/revisions\/2555"}],"wp:attachment":[{"href":"https:\/\/medyk.wroclaw.dolnyslask.pl\/index.php\/wp-json\/wp\/v2\/media?parent=2528"}],"curies":[{"name":"wp","href":"https:\/\/api.w.org\/{rel}","templated":true}]}}