{"id":2561,"date":"2022-07-08T08:54:38","date_gmt":"2022-07-08T06:54:38","guid":{"rendered":"http:\/\/medyk.wroclaw.dolnyslask.pl\/?page_id=2561"},"modified":"2022-07-08T08:54:45","modified_gmt":"2022-07-08T06:54:45","slug":"2022-swidnica-marzec-2022","status":"publish","type":"page","link":"https:\/\/medyk.wroclaw.dolnyslask.pl\/index.php\/2022-swidnica-marzec-2022\/","title":{"rendered":"2022 \u015awidnica Marzec 2022"},"content":{"rendered":"<p><a href=\"http:\/\/medyk.wroclaw.dolnyslask.pl\/wp-content\/uploads\/2022\/07\/Harmonogram-ZS-w-Strzegomiu-marzec-2022.docx\">Harmonogram ZS w Strzegomiu marzec 2022<\/a><\/p>\n<p><a href=\"http:\/\/medyk.wroclaw.dolnyslask.pl\/wp-content\/uploads\/2022\/07\/Harmonogram-ZS-w-Zarowie-marzec-2022.doc\">Harmonogram ZS w \u017barowie marzec 2022<\/a><\/p>\n<p><a href=\"http:\/\/medyk.wroclaw.dolnyslask.pl\/wp-content\/uploads\/2022\/07\/Harmonogram-ZSBE-w-Swidnicy-marzec-2022.docx.doc\">Harmonogram ZSBE w \u015awidnicy marzec 2022.docx<\/a><\/p>\n<p><a href=\"http:\/\/medyk.wroclaw.dolnyslask.pl\/wp-content\/uploads\/2022\/07\/Harmonogram-ZSE-w-Swidnicy-marzec-2022.doc\">Harmonogram ZSE w \u015awidnicy marzec 2022<\/a><\/p>\n<p><a href=\"http:\/\/medyk.wroclaw.dolnyslask.pl\/wp-content\/uploads\/2022\/07\/Harmonogram-ZSHT-marzec-2022.doc\">Harmonogram ZSHT marzec 2022<\/a><\/p>\n<p><a href=\"http:\/\/medyk.wroclaw.dolnyslask.pl\/wp-content\/uploads\/2022\/07\/Harmonogram-ZSM-marzec-2022.doc\">Harmonogram ZSM marzec 2022<\/a><\/p>\n","protected":false},"excerpt":{"rendered":"<p>Harmonogram ZS w Strzegomiu marzec 2022 Harmonogram ZS w \u017barowie marzec 2022 Harmonogram ZSBE w \u015awidnicy marzec 2022.docx Harmonogram ZSE w \u015awidnicy marzec 2022 Harmonogram ZSHT marzec 2022 Harmonogram ZSM [&hellip;]<\/p>\n","protected":false},"author":15,"featured_media":0,"parent":0,"menu_order":0,"comment_status":"closed","ping_status":"closed","template":"","meta":{"footnotes":""},"class_list":["post-2561","page","type-page","status-publish","hentry","clearfix"],"_links":{"self":[{"href":"https:\/\/medyk.wroclaw.dolnyslask.pl\/index.php\/wp-json\/wp\/v2\/pages\/2561","targetHints":{"allow":["GET"]}}],"collection":[{"href":"https:\/\/medyk.wroclaw.dolnyslask.pl\/index.php\/wp-json\/wp\/v2\/pages"}],"about":[{"href":"https:\/\/medyk.wroclaw.dolnyslask.pl\/index.php\/wp-json\/wp\/v2\/types\/page"}],"author":[{"embeddable":true,"href":"https:\/\/medyk.wroclaw.dolnyslask.pl\/index.php\/wp-json\/wp\/v2\/users\/15"}],"replies":[{"embeddable":true,"href":"https:\/\/medyk.wroclaw.dolnyslask.pl\/index.php\/wp-json\/wp\/v2\/comments?post=2561"}],"version-history":[{"count":1,"href":"https:\/\/medyk.wroclaw.dolnyslask.pl\/index.php\/wp-json\/wp\/v2\/pages\/2561\/revisions"}],"predecessor-version":[{"id":2582,"href":"https:\/\/medyk.wroclaw.dolnyslask.pl\/index.php\/wp-json\/wp\/v2\/pages\/2561\/revisions\/2582"}],"wp:attachment":[{"href":"https:\/\/medyk.wroclaw.dolnyslask.pl\/index.php\/wp-json\/wp\/v2\/media?parent=2561"}],"curies":[{"name":"wp","href":"https:\/\/api.w.org\/{rel}","templated":true}]}}