{"id":2744,"date":"2022-07-11T08:37:00","date_gmt":"2022-07-11T06:37:00","guid":{"rendered":"http:\/\/medyk.wroclaw.dolnyslask.pl\/?page_id=2744"},"modified":"2022-07-11T08:37:07","modified_gmt":"2022-07-11T06:37:07","slug":"powiat-olesnicki-luty-2022","status":"publish","type":"page","link":"https:\/\/medyk.wroclaw.dolnyslask.pl\/index.php\/powiat-olesnicki-luty-2022\/","title":{"rendered":"Powiat Ole\u015bnicki Luty 2022"},"content":{"rendered":"<p><a href=\"http:\/\/medyk.wroclaw.dolnyslask.pl\/wp-content\/uploads\/2022\/07\/Harmonogram-wsparcia-ZSP_S_02.2022_POle.doc\">Harmonogram wsparcia &#8211; ZSP_S_02.2022_POle<\/a><\/p>\n<p><a href=\"http:\/\/medyk.wroclaw.dolnyslask.pl\/wp-content\/uploads\/2022\/07\/Harmonogram_wsparcia_ZSZ_Olesnica_02.2022_POle.doc\">Harmonogram_wsparcia_ZSZ_Ole\u015bnica_02.2022_POle<\/a><\/p>\n<p><a href=\"http:\/\/medyk.wroclaw.dolnyslask.pl\/wp-content\/uploads\/2022\/07\/Harmonogram_wsparcia_ZSP_M_02.2022_POle.doc\">Harmonogram_wsparcia_ZSP_M_02.2022_POle<\/a><\/p>\n<p><a href=\"http:\/\/medyk.wroclaw.dolnyslask.pl\/wp-content\/uploads\/2022\/07\/Harmonogram_wsparcia-ZSP_B_02-2022-brak-zajec_POle.docx\">Harmonogram_wsparcia ZSP_B_02-2022 &#8211; brak zaj\u0119\u0107_POle<\/a><\/p>\n<p><a href=\"http:\/\/medyk.wroclaw.dolnyslask.pl\/wp-content\/uploads\/2022\/07\/Harmonogram-wsparcia-ZSP_T_02.2022_POle.doc.docx\">Harmonogram wsparcia &#8211; ZSP_T_02.2022_POle.doc<\/a><\/p>\n<p><a href=\"http:\/\/medyk.wroclaw.dolnyslask.pl\/wp-content\/uploads\/2022\/07\/Harmonogram-wsparcia-ZSP_S_02.2022_POle.doc\">Harmonogram wsparcia &#8211; ZSP_S_02.2022_POle<\/a><\/p>\n","protected":false},"excerpt":{"rendered":"<p>Harmonogram wsparcia &#8211; ZSP_S_02.2022_POle Harmonogram_wsparcia_ZSZ_Ole\u015bnica_02.2022_POle Harmonogram_wsparcia_ZSP_M_02.2022_POle Harmonogram_wsparcia ZSP_B_02-2022 &#8211; brak zaj\u0119\u0107_POle Harmonogram wsparcia &#8211; ZSP_T_02.2022_POle.doc Harmonogram wsparcia &#8211; ZSP_S_02.2022_POle<\/p>\n","protected":false},"author":15,"featured_media":0,"parent":0,"menu_order":0,"comment_status":"closed","ping_status":"closed","template":"","meta":{"footnotes":""},"class_list":["post-2744","page","type-page","status-publish","hentry","clearfix"],"_links":{"self":[{"href":"https:\/\/medyk.wroclaw.dolnyslask.pl\/index.php\/wp-json\/wp\/v2\/pages\/2744","targetHints":{"allow":["GET"]}}],"collection":[{"href":"https:\/\/medyk.wroclaw.dolnyslask.pl\/index.php\/wp-json\/wp\/v2\/pages"}],"about":[{"href":"https:\/\/medyk.wroclaw.dolnyslask.pl\/index.php\/wp-json\/wp\/v2\/types\/page"}],"author":[{"embeddable":true,"href":"https:\/\/medyk.wroclaw.dolnyslask.pl\/index.php\/wp-json\/wp\/v2\/users\/15"}],"replies":[{"embeddable":true,"href":"https:\/\/medyk.wroclaw.dolnyslask.pl\/index.php\/wp-json\/wp\/v2\/comments?post=2744"}],"version-history":[{"count":1,"href":"https:\/\/medyk.wroclaw.dolnyslask.pl\/index.php\/wp-json\/wp\/v2\/pages\/2744\/revisions"}],"predecessor-version":[{"id":2768,"href":"https:\/\/medyk.wroclaw.dolnyslask.pl\/index.php\/wp-json\/wp\/v2\/pages\/2744\/revisions\/2768"}],"wp:attachment":[{"href":"https:\/\/medyk.wroclaw.dolnyslask.pl\/index.php\/wp-json\/wp\/v2\/media?parent=2744"}],"curies":[{"name":"wp","href":"https:\/\/api.w.org\/{rel}","templated":true}]}}