{"id":2996,"date":"2022-07-13T08:56:13","date_gmt":"2022-07-13T06:56:13","guid":{"rendered":"http:\/\/medyk.wroclaw.dolnyslask.pl\/?page_id=2996"},"modified":"2022-07-13T08:56:17","modified_gmt":"2022-07-13T06:56:17","slug":"powiat-klodzki-marzec-2022","status":"publish","type":"page","link":"https:\/\/medyk.wroclaw.dolnyslask.pl\/index.php\/powiat-klodzki-marzec-2022\/","title":{"rendered":"Powiat K\u0142odzki Marzec 2022"},"content":{"rendered":"<p><a href=\"http:\/\/medyk.wroclaw.dolnyslask.pl\/wp-content\/uploads\/2022\/07\/BIL-Mariola-WYKONYWANIE-PRZEKAZU-REKLAMOWEGO-marzec-2022-roku.docx\">BIL Mariola &#8211; WYKONYWANIE PRZEKAZU REKLAMOWEGO &#8211; marzec 2022 roku<\/a><\/p>\n<p><a href=\"http:\/\/medyk.wroclaw.dolnyslask.pl\/wp-content\/uploads\/2022\/07\/Harmonogram-wsparcia-marzec-2022-ZST.doc\">Harmonogram wsparcia marzec 2022 ZST<\/a><a href=\"http:\/\/medyk.wroclaw.dolnyslask.pl\/wp-content\/uploads\/2022\/07\/Harmonogram_wsparcia-03.2022-RST.doc\">Harmonogram_wsparcia &#8211; 03.2022 &#8211; RST<\/a><\/p>\n<p><a href=\"http:\/\/medyk.wroclaw.dolnyslask.pl\/wp-content\/uploads\/2022\/07\/Harmonogram_wsparcia-ZSP-Bystrzyca-1.doc\">Harmonogram_wsparcia-ZSP Bystrzyca<\/a><\/p>\n<p><a href=\"http:\/\/medyk.wroclaw.dolnyslask.pl\/wp-content\/uploads\/2022\/07\/KLOC-Teresa-WYKONYWANIE-PRZEKAZU-REKLAMOWEGO-marzec-2022-roku.docx\">KLOC Teresa &#8211; WYKONYWANIE PRZEKAZU REKLAMOWEGO &#8211; marzec 2022 roku<\/a><\/p>\n<p><a href=\"http:\/\/medyk.wroclaw.dolnyslask.pl\/wp-content\/uploads\/2022\/07\/LITWINSKI-Mariusz-MONTAZ-I-EKSPLOATACJA-SYSTEMOW-KOMPUTEROWYCH-URZADZEN-PERYFERYJNYCH-I-SIECI-marzec-2022-roku.doc\">LITWI\u0143SKI Mariusz &#8211; MONTA\u017b I EKSPLOATACJA SYSTEM\u00d3W KOMPUTEROWYCH, URZ\u0104DZE\u0143 PERYFERYJNYCH I SIECI &#8211; marzec 2022 roku<\/a><\/p>\n","protected":false},"excerpt":{"rendered":"<p>BIL Mariola &#8211; WYKONYWANIE PRZEKAZU REKLAMOWEGO &#8211; marzec 2022 roku Harmonogram wsparcia marzec 2022 ZSTHarmonogram_wsparcia &#8211; 03.2022 &#8211; RST Harmonogram_wsparcia-ZSP Bystrzyca KLOC Teresa &#8211; WYKONYWANIE PRZEKAZU REKLAMOWEGO &#8211; marzec 2022 [&hellip;]<\/p>\n","protected":false},"author":15,"featured_media":0,"parent":0,"menu_order":0,"comment_status":"closed","ping_status":"closed","template":"","meta":{"footnotes":""},"class_list":["post-2996","page","type-page","status-publish","hentry","clearfix"],"_links":{"self":[{"href":"https:\/\/medyk.wroclaw.dolnyslask.pl\/index.php\/wp-json\/wp\/v2\/pages\/2996","targetHints":{"allow":["GET"]}}],"collection":[{"href":"https:\/\/medyk.wroclaw.dolnyslask.pl\/index.php\/wp-json\/wp\/v2\/pages"}],"about":[{"href":"https:\/\/medyk.wroclaw.dolnyslask.pl\/index.php\/wp-json\/wp\/v2\/types\/page"}],"author":[{"embeddable":true,"href":"https:\/\/medyk.wroclaw.dolnyslask.pl\/index.php\/wp-json\/wp\/v2\/users\/15"}],"replies":[{"embeddable":true,"href":"https:\/\/medyk.wroclaw.dolnyslask.pl\/index.php\/wp-json\/wp\/v2\/comments?post=2996"}],"version-history":[{"count":1,"href":"https:\/\/medyk.wroclaw.dolnyslask.pl\/index.php\/wp-json\/wp\/v2\/pages\/2996\/revisions"}],"predecessor-version":[{"id":3017,"href":"https:\/\/medyk.wroclaw.dolnyslask.pl\/index.php\/wp-json\/wp\/v2\/pages\/2996\/revisions\/3017"}],"wp:attachment":[{"href":"https:\/\/medyk.wroclaw.dolnyslask.pl\/index.php\/wp-json\/wp\/v2\/media?parent=2996"}],"curies":[{"name":"wp","href":"https:\/\/api.w.org\/{rel}","templated":true}]}}