{"id":3029,"date":"2022-07-13T09:02:51","date_gmt":"2022-07-13T07:02:51","guid":{"rendered":"http:\/\/medyk.wroclaw.dolnyslask.pl\/?page_id=3029"},"modified":"2022-07-13T09:02:55","modified_gmt":"2022-07-13T07:02:55","slug":"powiat-klodzki-maj-2022","status":"publish","type":"page","link":"https:\/\/medyk.wroclaw.dolnyslask.pl\/index.php\/powiat-klodzki-maj-2022\/","title":{"rendered":"Powiat K\u0142odzki Maj 2022"},"content":{"rendered":"<p><a href=\"http:\/\/medyk.wroclaw.dolnyslask.pl\/wp-content\/uploads\/2022\/07\/KLOC-Teresa-WYKONYWANIE-PRZEKAZU-REKLAMOWEGO-maj-2022-roku.docx\">KLOC Teresa &#8211; WYKONYWANIE PRZEKAZU REKLAMOWEGO &#8211; maj 2022 roku<\/a><\/p>\n<p><a href=\"http:\/\/medyk.wroclaw.dolnyslask.pl\/wp-content\/uploads\/2022\/07\/LITWINSKI-Mariusz-MONTAZ-I-EKSPLOATACJA-SYSTEMOW-KOMPUTEROWYCH-URZADZEN-PERYFERYJNYCH-I-SIECI-maj-2022-roku.doc\">LITWI\u0143SKI Mariusz &#8211; MONTA\u017b I EKSPLOATACJA SYSTEM\u00d3W KOMPUTEROWYCH, URZ\u0104DZE\u0143 PERYFERYJNYCH I SIECI &#8211; maj 2022 roku<\/a><\/p>\n<p><a href=\"http:\/\/medyk.wroclaw.dolnyslask.pl\/wp-content\/uploads\/2022\/07\/montaz-i-eksploatacja-systemow-komputerowych-urzadzen-peryferyjnych-i-sieci-technik-informatyk-grupa-1-maj.doc\">monta\u017c i eksploatacja system\u00f3w komputerowych, urz\u0105dze\u0144 peryferyjnych i sieci &#8211; technik informatyk &#8211; grupa 1 &#8211; maj<\/a><\/p>\n<p><a href=\"http:\/\/medyk.wroclaw.dolnyslask.pl\/wp-content\/uploads\/2022\/07\/montaz-i-eksploatacja-systemow-komputerowych-urzadzen-peryferyjnych-i-sieci-technik-informatyk-grupa-2-maj.doc\">monta\u017c i eksploatacja system\u00f3w komputerowych, urz\u0105dze\u0144 peryferyjnych i sieci &#8211; technik informatyk &#8211; grupa 2 &#8211; maj<\/a><\/p>\n<p><a href=\"http:\/\/medyk.wroclaw.dolnyslask.pl\/wp-content\/uploads\/2022\/07\/sprzedaz-produktow-i-uslug-reklamowych-technik-organizacji-reklamy-grupa-1-maj-1.docx\">sprzeda\u017c produkt\u00f3w i us\u0142ug reklamowych &#8211; technik organizacji reklamy &#8211; grupa 1 &#8211; maj (1)<\/a><\/p>\n<p><a href=\"http:\/\/medyk.wroclaw.dolnyslask.pl\/wp-content\/uploads\/2022\/07\/Harmonogram_wsparcia-05.2022-RST.doc\">Harmonogram_wsparcia &#8211; 05.2022 &#8211; RST<\/a><\/p>\n","protected":false},"excerpt":{"rendered":"<p>KLOC Teresa &#8211; WYKONYWANIE PRZEKAZU REKLAMOWEGO &#8211; maj 2022 roku LITWI\u0143SKI Mariusz &#8211; MONTA\u017b I EKSPLOATACJA SYSTEM\u00d3W KOMPUTEROWYCH, URZ\u0104DZE\u0143 PERYFERYJNYCH I SIECI &#8211; maj 2022 roku monta\u017c i eksploatacja system\u00f3w [&hellip;]<\/p>\n","protected":false},"author":15,"featured_media":0,"parent":0,"menu_order":0,"comment_status":"closed","ping_status":"closed","template":"","meta":{"footnotes":""},"class_list":["post-3029","page","type-page","status-publish","hentry","clearfix"],"_links":{"self":[{"href":"https:\/\/medyk.wroclaw.dolnyslask.pl\/index.php\/wp-json\/wp\/v2\/pages\/3029","targetHints":{"allow":["GET"]}}],"collection":[{"href":"https:\/\/medyk.wroclaw.dolnyslask.pl\/index.php\/wp-json\/wp\/v2\/pages"}],"about":[{"href":"https:\/\/medyk.wroclaw.dolnyslask.pl\/index.php\/wp-json\/wp\/v2\/types\/page"}],"author":[{"embeddable":true,"href":"https:\/\/medyk.wroclaw.dolnyslask.pl\/index.php\/wp-json\/wp\/v2\/users\/15"}],"replies":[{"embeddable":true,"href":"https:\/\/medyk.wroclaw.dolnyslask.pl\/index.php\/wp-json\/wp\/v2\/comments?post=3029"}],"version-history":[{"count":1,"href":"https:\/\/medyk.wroclaw.dolnyslask.pl\/index.php\/wp-json\/wp\/v2\/pages\/3029\/revisions"}],"predecessor-version":[{"id":3050,"href":"https:\/\/medyk.wroclaw.dolnyslask.pl\/index.php\/wp-json\/wp\/v2\/pages\/3029\/revisions\/3050"}],"wp:attachment":[{"href":"https:\/\/medyk.wroclaw.dolnyslask.pl\/index.php\/wp-json\/wp\/v2\/media?parent=3029"}],"curies":[{"name":"wp","href":"https:\/\/api.w.org\/{rel}","templated":true}]}}