{"id":3128,"date":"2022-07-15T09:45:39","date_gmt":"2022-07-15T07:45:39","guid":{"rendered":"http:\/\/medyk.wroclaw.dolnyslask.pl\/?page_id=3128"},"modified":"2022-07-15T10:25:39","modified_gmt":"2022-07-15T08:25:39","slug":"powiat-wroclawski-kwiecien-2022","status":"publish","type":"page","link":"https:\/\/medyk.wroclaw.dolnyslask.pl\/index.php\/powiat-wroclawski-kwiecien-2022\/","title":{"rendered":"Powiat Wroc\u0142awski Kwiecie\u0144 2022"},"content":{"rendered":"<p><a href=\"http:\/\/medyk.wroclaw.dolnyslask.pl\/wp-content\/uploads\/2022\/07\/SZCZEGOLOWY-HARMONOGRAM-kwiecien-2022.doc\">SZCZEG\u00d3\u0141OWY HARMONOGRAM &#8211; kwiecie\u0144 2022<\/a><\/p>\n","protected":false},"excerpt":{"rendered":"<p>SZCZEG\u00d3\u0141OWY HARMONOGRAM &#8211; kwiecie\u0144 2022<\/p>\n","protected":false},"author":15,"featured_media":0,"parent":0,"menu_order":0,"comment_status":"closed","ping_status":"closed","template":"","meta":{"footnotes":""},"class_list":["post-3128","page","type-page","status-publish","hentry","clearfix"],"_links":{"self":[{"href":"https:\/\/medyk.wroclaw.dolnyslask.pl\/index.php\/wp-json\/wp\/v2\/pages\/3128","targetHints":{"allow":["GET"]}}],"collection":[{"href":"https:\/\/medyk.wroclaw.dolnyslask.pl\/index.php\/wp-json\/wp\/v2\/pages"}],"about":[{"href":"https:\/\/medyk.wroclaw.dolnyslask.pl\/index.php\/wp-json\/wp\/v2\/types\/page"}],"author":[{"embeddable":true,"href":"https:\/\/medyk.wroclaw.dolnyslask.pl\/index.php\/wp-json\/wp\/v2\/users\/15"}],"replies":[{"embeddable":true,"href":"https:\/\/medyk.wroclaw.dolnyslask.pl\/index.php\/wp-json\/wp\/v2\/comments?post=3128"}],"version-history":[{"count":1,"href":"https:\/\/medyk.wroclaw.dolnyslask.pl\/index.php\/wp-json\/wp\/v2\/pages\/3128\/revisions"}],"predecessor-version":[{"id":3134,"href":"https:\/\/medyk.wroclaw.dolnyslask.pl\/index.php\/wp-json\/wp\/v2\/pages\/3128\/revisions\/3134"}],"wp:attachment":[{"href":"https:\/\/medyk.wroclaw.dolnyslask.pl\/index.php\/wp-json\/wp\/v2\/media?parent=3128"}],"curies":[{"name":"wp","href":"https:\/\/api.w.org\/{rel}","templated":true}]}}