{"id":3164,"date":"2022-07-15T11:22:20","date_gmt":"2022-07-15T09:22:20","guid":{"rendered":"http:\/\/medyk.wroclaw.dolnyslask.pl\/?page_id=3164"},"modified":"2022-07-15T11:27:38","modified_gmt":"2022-07-15T09:27:38","slug":"powiat-lwowecki-luty-2022","status":"publish","type":"page","link":"https:\/\/medyk.wroclaw.dolnyslask.pl\/index.php\/powiat-lwowecki-luty-2022\/","title":{"rendered":"Powiat Lw\u00f3wecki Luty 2022"},"content":{"rendered":"<p><a href=\"http:\/\/medyk.wroclaw.dolnyslask.pl\/wp-content\/uploads\/2022\/07\/Aktualizacja-Harmonogramu-na-LUTY-2022-ZSOiZ-Gryfow-technik-informatyk-i-technik-lesnik.docx\">Aktualizacja Harmonogramu na LUTY 2022 ZSOiZ Gryf\u00f3w &#8211; technik informatyk i technik le\u015bnik<\/a><\/p>\n<p><a href=\"http:\/\/medyk.wroclaw.dolnyslask.pl\/wp-content\/uploads\/2022\/07\/Harmonogram-na-LUTY-2022-ZSOiZ-Gryfow-technik-informatyk-i-technik-lesnik.docx\">Harmonogram na LUTY 2022 ZSOiZ Gryf\u00f3w &#8211; technik informatyk i technik le\u015bnik<\/a><\/p>\n","protected":false},"excerpt":{"rendered":"<p>Aktualizacja Harmonogramu na LUTY 2022 ZSOiZ Gryf\u00f3w &#8211; technik informatyk i technik le\u015bnik Harmonogram na LUTY 2022 ZSOiZ Gryf\u00f3w &#8211; technik informatyk i technik le\u015bnik<\/p>\n","protected":false},"author":15,"featured_media":0,"parent":0,"menu_order":0,"comment_status":"closed","ping_status":"closed","template":"","meta":{"footnotes":""},"class_list":["post-3164","page","type-page","status-publish","hentry","clearfix"],"_links":{"self":[{"href":"https:\/\/medyk.wroclaw.dolnyslask.pl\/index.php\/wp-json\/wp\/v2\/pages\/3164","targetHints":{"allow":["GET"]}}],"collection":[{"href":"https:\/\/medyk.wroclaw.dolnyslask.pl\/index.php\/wp-json\/wp\/v2\/pages"}],"about":[{"href":"https:\/\/medyk.wroclaw.dolnyslask.pl\/index.php\/wp-json\/wp\/v2\/types\/page"}],"author":[{"embeddable":true,"href":"https:\/\/medyk.wroclaw.dolnyslask.pl\/index.php\/wp-json\/wp\/v2\/users\/15"}],"replies":[{"embeddable":true,"href":"https:\/\/medyk.wroclaw.dolnyslask.pl\/index.php\/wp-json\/wp\/v2\/comments?post=3164"}],"version-history":[{"count":1,"href":"https:\/\/medyk.wroclaw.dolnyslask.pl\/index.php\/wp-json\/wp\/v2\/pages\/3164\/revisions"}],"predecessor-version":[{"id":3173,"href":"https:\/\/medyk.wroclaw.dolnyslask.pl\/index.php\/wp-json\/wp\/v2\/pages\/3164\/revisions\/3173"}],"wp:attachment":[{"href":"https:\/\/medyk.wroclaw.dolnyslask.pl\/index.php\/wp-json\/wp\/v2\/media?parent=3164"}],"curies":[{"name":"wp","href":"https:\/\/api.w.org\/{rel}","templated":true}]}}