{"id":3188,"date":"2022-07-15T11:36:32","date_gmt":"2022-07-15T09:36:32","guid":{"rendered":"http:\/\/medyk.wroclaw.dolnyslask.pl\/?page_id=3188"},"modified":"2022-07-15T11:36:38","modified_gmt":"2022-07-15T09:36:38","slug":"powiat-lwowecki-maj-2022","status":"publish","type":"page","link":"https:\/\/medyk.wroclaw.dolnyslask.pl\/index.php\/powiat-lwowecki-maj-2022\/","title":{"rendered":"Powiat Lw\u00f3wecki Maj 2022"},"content":{"rendered":"<p><a href=\"http:\/\/medyk.wroclaw.dolnyslask.pl\/wp-content\/uploads\/2022\/07\/Harmonogram-na-MAJ-2022-ZSOiZ-Gryfow-technik-informatyk.docx\">Harmonogram na MAJ 2022 ZSOiZ Gryf\u00f3w &#8211; technik informatyk<\/a><\/p>\n<p><a href=\"http:\/\/medyk.wroclaw.dolnyslask.pl\/wp-content\/uploads\/2022\/07\/Harmonogram_wsparcia-maj-2022-rakowice.doc\">Harmonogram_wsparcia maj 2022 rakowice<\/a><a href=\"http:\/\/medyk.wroclaw.dolnyslask.pl\/wp-content\/uploads\/2022\/07\/maj-2022-Harm-_wsparcia-Szawlowska-ZSOiZ-Lwowek-Slaski.doc\">maj 2022 <\/a><\/p>\n<p><a href=\"http:\/\/medyk.wroclaw.dolnyslask.pl\/wp-content\/uploads\/2022\/07\/maj-2022-Harm-_wsparcia-Szawlowska-ZSOiZ-Lwowek-Slaski.doc\">Harm _wsparcia Szaw\u0142owska ZSOiZ Lw\u00f3wek \u015al\u0105ski<\/a><\/p>\n","protected":false},"excerpt":{"rendered":"<p>Harmonogram na MAJ 2022 ZSOiZ Gryf\u00f3w &#8211; technik informatyk Harmonogram_wsparcia maj 2022 rakowicemaj 2022 Harm _wsparcia Szaw\u0142owska ZSOiZ Lw\u00f3wek \u015al\u0105ski<\/p>\n","protected":false},"author":15,"featured_media":0,"parent":0,"menu_order":0,"comment_status":"closed","ping_status":"closed","template":"","meta":{"footnotes":""},"class_list":["post-3188","page","type-page","status-publish","hentry","clearfix"],"_links":{"self":[{"href":"https:\/\/medyk.wroclaw.dolnyslask.pl\/index.php\/wp-json\/wp\/v2\/pages\/3188","targetHints":{"allow":["GET"]}}],"collection":[{"href":"https:\/\/medyk.wroclaw.dolnyslask.pl\/index.php\/wp-json\/wp\/v2\/pages"}],"about":[{"href":"https:\/\/medyk.wroclaw.dolnyslask.pl\/index.php\/wp-json\/wp\/v2\/types\/page"}],"author":[{"embeddable":true,"href":"https:\/\/medyk.wroclaw.dolnyslask.pl\/index.php\/wp-json\/wp\/v2\/users\/15"}],"replies":[{"embeddable":true,"href":"https:\/\/medyk.wroclaw.dolnyslask.pl\/index.php\/wp-json\/wp\/v2\/comments?post=3188"}],"version-history":[{"count":1,"href":"https:\/\/medyk.wroclaw.dolnyslask.pl\/index.php\/wp-json\/wp\/v2\/pages\/3188\/revisions"}],"predecessor-version":[{"id":3200,"href":"https:\/\/medyk.wroclaw.dolnyslask.pl\/index.php\/wp-json\/wp\/v2\/pages\/3188\/revisions\/3200"}],"wp:attachment":[{"href":"https:\/\/medyk.wroclaw.dolnyslask.pl\/index.php\/wp-json\/wp\/v2\/media?parent=3188"}],"curies":[{"name":"wp","href":"https:\/\/api.w.org\/{rel}","templated":true}]}}