{"id":595,"date":"2021-08-23T18:45:42","date_gmt":"2021-08-23T16:45:42","guid":{"rendered":"http:\/\/medyk.wroclaw.dolnyslask.pl\/?page_id=595"},"modified":"2022-08-11T20:35:05","modified_gmt":"2022-08-11T18:35:05","slug":"asystentka-stomatologiczna","status":"publish","type":"page","link":"https:\/\/medyk.wroclaw.dolnyslask.pl\/index.php\/asystentka-stomatologiczna\/","title":{"rendered":"Asystentka stomatologiczna"},"content":{"rendered":"<p><strong><img loading=\"lazy\" decoding=\"async\" class=\"wp-image-3290 alignleft\" src=\"http:\/\/medyk.wroclaw.dolnyslask.pl\/wp-content\/uploads\/2022\/08\/higienistki-297x300.png\" alt=\"\" width=\"235\" height=\"238\" srcset=\"https:\/\/medyk.wroclaw.dolnyslask.pl\/wp-content\/uploads\/2022\/08\/higienistki-297x300.png 297w, https:\/\/medyk.wroclaw.dolnyslask.pl\/wp-content\/uploads\/2022\/08\/higienistki.png 543w\" sizes=\"auto, (max-width: 235px) 100vw, 235px\" \/><\/strong><\/p>\n<p><strong>Asystentka stomatologiczna &#8211; rok powstania 2007<\/strong><\/p>\n<p><strong>Asystentka stomatologiczna<\/strong> jako \u015bredni personel medyczny wchodzi w sk\u0142ad zespo\u0142u stomatologicznego (DENTAL TEAM).<\/p>\n<p>Asystentka stomatologiczna mo\u017ce by\u0107 zatrudniona w poradniach stomatologicznych r\u00f3\u017cnych typ\u00f3w pe\u0142ni\u0105c obowi\u0105zki asysty w trakcie leczenia stomatologicznego oraz wykonuj\u0105c dzia\u0142ania zawi\u0105zane z funkcjonowaniem poradni.<\/p>\n<p>Swoje umiej\u0119tno\u015bci s\u0142uchaczki kierunku zdobywaj\u0105 w nowoczesnych gabinetach stomatologicznych na terenie ca\u0142ego miasta.<\/p>\n<p>Kandydatka na asystentk\u0119 stomatologiczn\u0105 to: sprawna manualnie osoba, komunikatywna, wra\u017cliwa na cierpienie ludzi, odznaczaj\u0105ca si\u0119 dok\u0142adno\u015bci\u0105, cierpliwo\u015bci\u0105, odpowiedzialno\u015bci\u0105.<\/p>\n<p><strong><img loading=\"lazy\" decoding=\"async\" class=\" wp-image-3437 alignright\" src=\"http:\/\/medyk.wroclaw.dolnyslask.pl\/wp-content\/uploads\/2022\/08\/95961440_3072429579467509_4494759742861737984_n-300x225.jpg\" alt=\"\" width=\"623\" height=\"467\" srcset=\"https:\/\/medyk.wroclaw.dolnyslask.pl\/wp-content\/uploads\/2022\/08\/95961440_3072429579467509_4494759742861737984_n-300x225.jpg 300w, https:\/\/medyk.wroclaw.dolnyslask.pl\/wp-content\/uploads\/2022\/08\/95961440_3072429579467509_4494759742861737984_n-768x576.jpg 768w, https:\/\/medyk.wroclaw.dolnyslask.pl\/wp-content\/uploads\/2022\/08\/95961440_3072429579467509_4494759742861737984_n.jpg 960w\" sizes=\"auto, (max-width: 623px) 100vw, 623px\" \/>G\u0141\u00d3WNE ZADANIA ASYSTENTKI to:<\/strong><\/p>\n<ul>\n<li>wsp\u00f3\u0142praca z lekarzem dentyst\u0105 w czasie wykonywania zabieg\u00f3w,<\/li>\n<li>wsp\u00f3\u0142dzia\u0142anie z lekarzem przy udzielaniu pierwszej pomocy,<\/li>\n<li>przestrzeganie zasad aseptyki i antyseptyki,<\/li>\n<li>przygotowanie pacjent\u00f3w do zabieg\u00f3w,<\/li>\n<li>opieka nad gabinetem stomatologicznym.<\/li>\n<\/ul>\n<p><strong>PODSTAWOWE MIEJSCA PRACY ASYSTENTEK STOMATOLOGICZNYCH to:<\/strong><\/p>\n<ul>\n<li>wszelkiego typu poradnie stomatologiczne.<\/li>\n<\/ul>\n<p><strong>PRZECIWWSKAZANIA ZDROWOTNE to:<\/strong><\/p>\n<ul>\n<li>og\u00f3lnie z\u0142y stan zdrowia,<\/li>\n<li>niska sprawno\u015b\u0107 psychofizyczna,<\/li>\n<li>nieprawid\u0142owe widzenie barw i g\u0142\u0119bi,<\/li>\n<li>niepoprawny s\u0142uch,<\/li>\n<li>zaburzenia wymowy.<\/li>\n<\/ul>\n<p><strong>W szkole na kierunku asystentka stomatologiczna s\u0142uchacze wnosz\u0105 wp\u0142at\u0119 na Lokalny Komitet Narodowego Czynu Pomocy Szkole w wysoko\u015bci 100,- z\u0142 w semestrze.<\/strong><\/p>\n<p>&nbsp;<\/p>\n<p><strong>LICZBA MIEJSC<\/strong> &#8211; 25<\/p>\n<p>Wi\u0119cej informacji &#8211;<a href=\"http:\/\/medyk.wroclaw.dolnyslask.pl\/wp-content\/uploads\/2022\/07\/Asystentka-Stomatologiczna-pdf.pdf\"> Plan nauczania<\/a><\/p>\n<p>SZCZEG\u00d3\u0141OWE INFORMACJE W SEKRETARIACIE SZKO\u0141Y<\/p>\n<p>(poniedzia\u0142ek-pi\u0105tek w godz 8.00-15.00)<\/p>\n","protected":false},"excerpt":{"rendered":"<p>Asystentka stomatologiczna &#8211; rok powstania 2007 Asystentka stomatologiczna jako \u015bredni personel medyczny wchodzi w sk\u0142ad zespo\u0142u stomatologicznego (DENTAL TEAM). Asystentka stomatologiczna mo\u017ce by\u0107 zatrudniona w poradniach stomatologicznych r\u00f3\u017cnych typ\u00f3w pe\u0142ni\u0105c [&hellip;]<\/p>\n","protected":false},"author":1,"featured_media":0,"parent":0,"menu_order":0,"comment_status":"closed","ping_status":"closed","template":"","meta":{"footnotes":""},"class_list":["post-595","page","type-page","status-publish","hentry","clearfix"],"_links":{"self":[{"href":"https:\/\/medyk.wroclaw.dolnyslask.pl\/index.php\/wp-json\/wp\/v2\/pages\/595","targetHints":{"allow":["GET"]}}],"collection":[{"href":"https:\/\/medyk.wroclaw.dolnyslask.pl\/index.php\/wp-json\/wp\/v2\/pages"}],"about":[{"href":"https:\/\/medyk.wroclaw.dolnyslask.pl\/index.php\/wp-json\/wp\/v2\/types\/page"}],"author":[{"embeddable":true,"href":"https:\/\/medyk.wroclaw.dolnyslask.pl\/index.php\/wp-json\/wp\/v2\/users\/1"}],"replies":[{"embeddable":true,"href":"https:\/\/medyk.wroclaw.dolnyslask.pl\/index.php\/wp-json\/wp\/v2\/comments?post=595"}],"version-history":[{"count":10,"href":"https:\/\/medyk.wroclaw.dolnyslask.pl\/index.php\/wp-json\/wp\/v2\/pages\/595\/revisions"}],"predecessor-version":[{"id":3452,"href":"https:\/\/medyk.wroclaw.dolnyslask.pl\/index.php\/wp-json\/wp\/v2\/pages\/595\/revisions\/3452"}],"wp:attachment":[{"href":"https:\/\/medyk.wroclaw.dolnyslask.pl\/index.php\/wp-json\/wp\/v2\/media?parent=595"}],"curies":[{"name":"wp","href":"https:\/\/api.w.org\/{rel}","templated":true}]}}