{"id":598,"date":"2021-08-23T18:46:25","date_gmt":"2021-08-23T16:46:25","guid":{"rendered":"http:\/\/medyk.wroclaw.dolnyslask.pl\/?page_id=598"},"modified":"2022-08-11T20:43:15","modified_gmt":"2022-08-11T18:43:15","slug":"higienistka-stomatologiczna-2","status":"publish","type":"page","link":"https:\/\/medyk.wroclaw.dolnyslask.pl\/index.php\/higienistka-stomatologiczna-2\/","title":{"rendered":"Higienistka stomatologiczna"},"content":{"rendered":"<p><em><img loading=\"lazy\" decoding=\"async\" class=\"wp-image-3290 alignleft\" src=\"http:\/\/medyk.wroclaw.dolnyslask.pl\/wp-content\/uploads\/2022\/08\/higienistki-297x300.png\" alt=\"\" width=\"252\" height=\"255\" srcset=\"https:\/\/medyk.wroclaw.dolnyslask.pl\/wp-content\/uploads\/2022\/08\/higienistki-297x300.png 297w, https:\/\/medyk.wroclaw.dolnyslask.pl\/wp-content\/uploads\/2022\/08\/higienistki.png 543w\" sizes=\"auto, (max-width: 252px) 100vw, 252px\" \/><\/em><\/p>\n<p><strong>Higienistka stomatologiczna &#8211; rok powstania 1985<\/strong><\/p>\n<p><em>Do roku szkolnego 2004\/2005 szko\u0142a nosi\u0142a nazw\u0119 <strong>Medyczne Studium Zawodowe nr 4<\/strong><\/em><\/p>\n<p><strong>Higienistka stomatologiczna<\/strong> (higienista stomatologiczny) tworzy \u015bredni personel medyczny zwi\u0105zany z profilaktyk\u0105 stomatologiczn\u0105.<\/p>\n<p>W naszym kraju zaw\u00f3d higienistki stomatologicznej jest bardzo m\u0142odym i dynamicznie rozwijaj\u0105cym si\u0119. W krajach zachodnich, gdzie profilaktyka jest na bardzo wysokim poziomie, higienistka stomatologiczna pe\u0142ni wa\u017cn\u0105 i odpowiedzialn\u0105 funkcj\u0119.<\/p>\n<p>Zaw\u00f3d ten umo\u017cliwia szybkie podj\u0119cie pracy, gdy\u017c zapotrzebowanie na higienist\u00f3w stomatologicznych coraz bardziej wzrasta.<\/p>\n<p>Swoje umiej\u0119tno\u015bci s\u0142uchacze kierunku zdobywaj\u0105 w nowoczesnych gabinetach szkolnych oraz w ramach praktyk zawodowych w gabinetach prywatnych i pa\u0144stwowych na terenie ca\u0142ego miasta.<\/p>\n<p>Kandydatka na higienistk\u0119 stomatologiczn\u0105 to: sprawna fizycznie i zr\u0119czna manualnie osoba, posiadaj\u0105ca uzdolnienia plastyczne, zmys\u0142 estetyczny, komunikatywna, odznaczaj\u0105ca si\u0119 dobr\u0105 dykcj\u0105 oraz umiej\u0119tno\u015bciami narracji, a tak\u017ce dok\u0142adno\u015bci\u0105 i cierpliwo\u015bci\u0105.<\/p>\n<p><strong><img loading=\"lazy\" decoding=\"async\" class=\" wp-image-3458 alignright\" src=\"http:\/\/medyk.wroclaw.dolnyslask.pl\/wp-content\/uploads\/2022\/08\/243344471_322252643034904_5776525085524774835_n-224x300.jpg\" alt=\"\" width=\"332\" height=\"445\" srcset=\"https:\/\/medyk.wroclaw.dolnyslask.pl\/wp-content\/uploads\/2022\/08\/243344471_322252643034904_5776525085524774835_n-224x300.jpg 224w, https:\/\/medyk.wroclaw.dolnyslask.pl\/wp-content\/uploads\/2022\/08\/243344471_322252643034904_5776525085524774835_n.jpg 718w\" sizes=\"auto, (max-width: 332px) 100vw, 332px\" \/>G\u0141\u00d3WNE ZADANIA HIGIENISTKI to:<\/strong><\/p>\n<ul>\n<li>prowadzenie stomatologicznej edukacji zdrowotnej,<\/li>\n<li>asystowanie lekarzowi przy zabiegach,<\/li>\n<li>usuwanie z\u0142og\u00f3w naz\u0119bnych,<\/li>\n<li>lakowanie z\u0119b\u00f3w,<\/li>\n<li>opieka nad gabinetem stomatologicznym.<\/li>\n<\/ul>\n<p><strong>PODSTAWOWE MIEJSCA PRACY HIGIENISTEK STOMATOLOGICZNYCH to:<\/strong><\/p>\n<ul>\n<li>wszelkiego typu poradnie,<\/li>\n<li>o\u015brodki zdrowia,<\/li>\n<li>zak\u0142ady specjalistyczne,<\/li>\n<li>gabinety stomatologiczne.<\/li>\n<\/ul>\n<p><strong>PRZECIWWSKAZANIA ZDROWOTNE to:<\/strong><\/p>\n<p>choroby zaka\u017ane, epilepsja, u\u0142omno\u015bci fizyczne, wady wymowy, tiki.<\/p>\n<p><strong>W szkole na kierunku higienistka stomatologiczna s\u0142uchacze wnosz\u0105 wp\u0142at\u0119 na Lokalny Komitet Narodowego Czynu Pomocy Szkole w wysoko\u015bci 150,- z\u0142 w semestrze.<\/strong><\/p>\n<p>&nbsp;<\/p>\n<p><strong>LICZBA MIEJSC<\/strong> &#8211; 25<\/p>\n<p>Wi\u0119cej informacji &#8211; <a href=\"http:\/\/medyk.wroclaw.dolnyslask.pl\/wp-content\/uploads\/2022\/07\/Higienistka-Stomatologiczna-pdf.pdf\">Plan nauczania<\/a><\/p>\n<p>SZCZEG\u00d3\u0141OWE INFORMACJE W SEKRETARIACIE SZKO\u0141Y<\/p>\n<p>(poniedzia\u0142ek-pi\u0105tek w godz 8.00-15.00)<\/p>\n","protected":false},"excerpt":{"rendered":"<p>Higienistka stomatologiczna &#8211; rok powstania 1985 Do roku szkolnego 2004\/2005 szko\u0142a nosi\u0142a nazw\u0119 Medyczne Studium Zawodowe nr 4 Higienistka stomatologiczna (higienista stomatologiczny) tworzy \u015bredni personel medyczny zwi\u0105zany z profilaktyk\u0105 stomatologiczn\u0105. [&hellip;]<\/p>\n","protected":false},"author":1,"featured_media":0,"parent":0,"menu_order":0,"comment_status":"closed","ping_status":"closed","template":"","meta":{"footnotes":""},"class_list":["post-598","page","type-page","status-publish","hentry","clearfix"],"_links":{"self":[{"href":"https:\/\/medyk.wroclaw.dolnyslask.pl\/index.php\/wp-json\/wp\/v2\/pages\/598","targetHints":{"allow":["GET"]}}],"collection":[{"href":"https:\/\/medyk.wroclaw.dolnyslask.pl\/index.php\/wp-json\/wp\/v2\/pages"}],"about":[{"href":"https:\/\/medyk.wroclaw.dolnyslask.pl\/index.php\/wp-json\/wp\/v2\/types\/page"}],"author":[{"embeddable":true,"href":"https:\/\/medyk.wroclaw.dolnyslask.pl\/index.php\/wp-json\/wp\/v2\/users\/1"}],"replies":[{"embeddable":true,"href":"https:\/\/medyk.wroclaw.dolnyslask.pl\/index.php\/wp-json\/wp\/v2\/comments?post=598"}],"version-history":[{"count":10,"href":"https:\/\/medyk.wroclaw.dolnyslask.pl\/index.php\/wp-json\/wp\/v2\/pages\/598\/revisions"}],"predecessor-version":[{"id":3470,"href":"https:\/\/medyk.wroclaw.dolnyslask.pl\/index.php\/wp-json\/wp\/v2\/pages\/598\/revisions\/3470"}],"wp:attachment":[{"href":"https:\/\/medyk.wroclaw.dolnyslask.pl\/index.php\/wp-json\/wp\/v2\/media?parent=598"}],"curies":[{"name":"wp","href":"https:\/\/api.w.org\/{rel}","templated":true}]}}