{"id":601,"date":"2021-08-23T18:47:00","date_gmt":"2021-08-23T16:47:00","guid":{"rendered":"http:\/\/medyk.wroclaw.dolnyslask.pl\/?page_id=601"},"modified":"2022-08-11T20:27:06","modified_gmt":"2022-08-11T18:27:06","slug":"opiekun-medyczny","status":"publish","type":"page","link":"https:\/\/medyk.wroclaw.dolnyslask.pl\/index.php\/opiekun-medyczny\/","title":{"rendered":"Opiekun medyczny"},"content":{"rendered":"<p><img loading=\"lazy\" decoding=\"async\" class=\" wp-image-3293 alignleft\" src=\"http:\/\/medyk.wroclaw.dolnyslask.pl\/wp-content\/uploads\/2022\/08\/opiekunowie-298x300.png\" alt=\"\" width=\"237\" height=\"239\" srcset=\"https:\/\/medyk.wroclaw.dolnyslask.pl\/wp-content\/uploads\/2022\/08\/opiekunowie-298x300.png 298w, https:\/\/medyk.wroclaw.dolnyslask.pl\/wp-content\/uploads\/2022\/08\/opiekunowie-150x150.png 150w, https:\/\/medyk.wroclaw.dolnyslask.pl\/wp-content\/uploads\/2022\/08\/opiekunowie.png 556w\" sizes=\"auto, (max-width: 237px) 100vw, 237px\" \/>Zaw\u00f3d <strong>opiekun medyczny<\/strong> jest odpowiedzi\u0105 na zapotrzebowanie resortu zdrowia.<br \/>\nJest zawodem wspieraj\u0105cym \u00a0piel\u0119gniarki w podstawowej opiece nad pacjentami. Do zada\u0144 opiekuna medycznego nale\u017cy wi\u0119c \u00a0wykonywanie czynno\u015bci piel\u0119gnacyjno &#8211; higienicznych.<\/p>\n<p>Praca z pacjentami jest niezwykle odpowiedzialna &#8211; dlatego proces kszta\u0142cenia i zdobywania kwalifikacji musi odbywa\u0107 si\u0119 na najwy\u017cszym poziomie. W\u0142a\u015bnie taki poziom zapewni <strong>Dolno\u015bl\u0105ska Szko\u0142a Policealna Medyczne we Wroc\u0142awiu.<\/strong><\/p>\n<p>&nbsp;<\/p>\n<p>&nbsp;<\/p>\n<p><strong>ORGANIZACJA NAUKI:<\/strong><\/p>\n<p>Nauka trwa <strong>1,5 roku (trzy semestry)<\/strong>. Prowadzona jest w systemie stacjonarnym &#8211; formie wyk\u0142ad\u00f3w, \u0107wicze\u0144 i zaj\u0119\u0107 w pracowniach. Zaj\u0119cia praktyczne i praktyki zawodowe odbywaj\u0105 si\u0119 w:<\/p>\n<ul>\n<li>domach pomocy spo\u0142ecznej;<\/li>\n<li>szpitalach;<\/li>\n<li>sanatoriach.<\/li>\n<\/ul>\n<p>&nbsp;<\/p>\n<p><strong> <img loading=\"lazy\" decoding=\"async\" class=\" wp-image-3413 alignright\" src=\"http:\/\/medyk.wroclaw.dolnyslask.pl\/wp-content\/uploads\/2022\/08\/96371237_3072319522811848_5415690315551997952_n-225x300.jpg\" alt=\"\" width=\"386\" height=\"515\" srcset=\"https:\/\/medyk.wroclaw.dolnyslask.pl\/wp-content\/uploads\/2022\/08\/96371237_3072319522811848_5415690315551997952_n-225x300.jpg 225w, https:\/\/medyk.wroclaw.dolnyslask.pl\/wp-content\/uploads\/2022\/08\/96371237_3072319522811848_5415690315551997952_n.jpg 720w\" sizes=\"auto, (max-width: 386px) 100vw, 386px\" \/><\/strong><strong>OPIEKUN MEDYCZNY POSIADA WIEDZ\u0118 I UMIEJ\u0118TNO\u015aCI W ZAKRESIE:<\/strong><\/p>\n<ul>\n<li>rozpoznawania problem\u00f3w funkcjonalnych oraz potrzeb biologicznych<br \/>\ni psychospo\u0142ecznych osoby chorej i niesamodzielnej w r\u00f3\u017cnym stopniu zaawansowania choroby i w r\u00f3\u017cnym wieku;<\/li>\n<li>\u015bwiadczenia us\u0142ug piel\u0119gnacyjnych i opieku\u0144czych osobie chorej i niesamodzielnej<br \/>\nw r\u00f3\u017cnym stopniu zaawansowania choroby i w r\u00f3\u017cnym wieku;<\/li>\n<li>wsp\u00f3\u0142pracy z piel\u0119gniarkami i lekarzami oraz innym personelem;<\/li>\n<li>wykonywania czynno\u015bci z zakresu pobierania krwi \u017cylnej i w\u0142o\u015bniczkowej oraz innych materia\u0142\u00f3w do bada\u0144 laboratoryjnych;<\/li>\n<li>wykonywania czynno\u015bci z zakresu gimnastyki osiowo &#8211; symetrycznej w trzech p\u0142aszczyznach jednocze\u015bnie SOS 3D &#8211; metoda Hoppe;<\/li>\n<li>wykonywania wybranych czynno\u015bci medycznych.<\/li>\n<\/ul>\n<p><strong>\u00a0<\/strong><\/p>\n<p><strong>PERSPEKTYWY ZAWODOWE<\/strong><\/p>\n<p>Absolwenci mog\u0105 podj\u0105\u0107 prac\u0119 m.in. w:<\/p>\n<ul>\n<li>domach pomocy spo\u0142ecznej;<\/li>\n<li>szpitalach;<\/li>\n<li>zak\u0142adach piel\u0119gnacyjno &#8211; opieku\u0144czych;<\/li>\n<li>zak\u0142adach opieku\u0144czo &#8211; leczniczych;<\/li>\n<li>hospicjach i zak\u0142adach opieki terminalnej;<strong><img loading=\"lazy\" decoding=\"async\" class=\" wp-image-3416 alignright\" src=\"http:\/\/medyk.wroclaw.dolnyslask.pl\/wp-content\/uploads\/2022\/08\/95949065_3072319462811854_1847081609409331200_n-225x300.jpg\" alt=\"\" width=\"384\" height=\"512\" srcset=\"https:\/\/medyk.wroclaw.dolnyslask.pl\/wp-content\/uploads\/2022\/08\/95949065_3072319462811854_1847081609409331200_n-225x300.jpg 225w, https:\/\/medyk.wroclaw.dolnyslask.pl\/wp-content\/uploads\/2022\/08\/95949065_3072319462811854_1847081609409331200_n.jpg 720w\" sizes=\"auto, (max-width: 384px) 100vw, 384px\" \/><\/strong><\/li>\n<li>domach prywatnych, \u015bwiadcz\u0105c opiek\u0119 indywidualn\u0105.<\/li>\n<\/ul>\n<p><strong>\u00a0<\/strong><\/p>\n<p><strong>PRZECIWWSKAZANIA DO ZAWODU <\/strong><\/p>\n<ul>\n<li>wzrok (\u015blepota, znaczne os\u0142abienie wzroku, jaskra, kr\u00f3tkowzroczno\u015b\u0107 post\u0119puj\u0105ca, daltonizm),<\/li>\n<li>s\u0142uch (g\u0142uchota, niedos\u0142yszenie),<\/li>\n<li>aparat mowy (bezg\u0142os, trwa\u0142e wady artykulacyjne (seplenienie, mowa nosowa), j\u0105kanie),<\/li>\n<li>sk\u00f3ra (wszelkie sk\u0142onno\u015bci do uczule\u0144, trwa\u0142e zmiany chorobowe),<\/li>\n<li>uk\u0142ad kostno &#8211; stawowy (skrzywienie kr\u0119gos\u0142upa II i III stopnia, p\u0142askostopie II i III stopnia, szpotawo\u015b\u0107 st\u00f3p, zwichni\u0119cie staw\u00f3w biodrowych, wady r\u0105k),<\/li>\n<li>uk\u0142ad nerwowy (zaburzenia r\u00f3wnowagi, epilepsja, drgawki, omdlenia, zawroty g\u0142owy, niedow\u0142ady, zaburzenia psychiczne, psychopatie, charakteropatie, trwa\u0142e na\u0142ogi z objawami somatopsychicznymi),<\/li>\n<li>sprawno\u015b\u0107 manualna (u\u0142omno\u015b\u0107, zniekszta\u0142cenie szczeg\u00f3lnie r\u0105k, kalectwo),<\/li>\n<li>pozosta\u0142e uk\u0142ady (ci\u0119\u017ckie wady i uszkodzenia),<\/li>\n<li>inne (nosicielstwo zarazk\u00f3w chor\u00f3b jelitowych).<\/li>\n<\/ul>\n<p><em>\u00a0<\/em><\/p>\n<p><em>\u00a0<\/em><strong>LICZBA MIEJSC<\/strong> \u2013 25<\/p>\n<p>Wi\u0119cej informacji &#8211; <a href=\"http:\/\/medyk.wroclaw.dolnyslask.pl\/wp-content\/uploads\/2022\/07\/Opiekun-Medyczny-pdf.pdf\">Plan nauczania<\/a><\/p>\n<p>SZCZEG\u00d3\u0141OWE INFORMACJE W SEKRETARIACIE SZKO\u0141Y<\/p>\n<p>(poniedzia\u0142ek \u2013 pi\u0105tek w godz. 8.00 \u2013 15.00)<\/p>\n<p><strong>\u00a0<\/strong><\/p>\n","protected":false},"excerpt":{"rendered":"<p>Zaw\u00f3d opiekun medyczny jest odpowiedzi\u0105 na zapotrzebowanie resortu zdrowia. Jest zawodem wspieraj\u0105cym \u00a0piel\u0119gniarki w podstawowej opiece nad pacjentami. Do zada\u0144 opiekuna medycznego nale\u017cy wi\u0119c \u00a0wykonywanie czynno\u015bci piel\u0119gnacyjno &#8211; higienicznych. Praca [&hellip;]<\/p>\n","protected":false},"author":1,"featured_media":0,"parent":0,"menu_order":0,"comment_status":"closed","ping_status":"closed","template":"","meta":{"footnotes":""},"class_list":["post-601","page","type-page","status-publish","hentry","clearfix"],"_links":{"self":[{"href":"https:\/\/medyk.wroclaw.dolnyslask.pl\/index.php\/wp-json\/wp\/v2\/pages\/601","targetHints":{"allow":["GET"]}}],"collection":[{"href":"https:\/\/medyk.wroclaw.dolnyslask.pl\/index.php\/wp-json\/wp\/v2\/pages"}],"about":[{"href":"https:\/\/medyk.wroclaw.dolnyslask.pl\/index.php\/wp-json\/wp\/v2\/types\/page"}],"author":[{"embeddable":true,"href":"https:\/\/medyk.wroclaw.dolnyslask.pl\/index.php\/wp-json\/wp\/v2\/users\/1"}],"replies":[{"embeddable":true,"href":"https:\/\/medyk.wroclaw.dolnyslask.pl\/index.php\/wp-json\/wp\/v2\/comments?post=601"}],"version-history":[{"count":15,"href":"https:\/\/medyk.wroclaw.dolnyslask.pl\/index.php\/wp-json\/wp\/v2\/pages\/601\/revisions"}],"predecessor-version":[{"id":3431,"href":"https:\/\/medyk.wroclaw.dolnyslask.pl\/index.php\/wp-json\/wp\/v2\/pages\/601\/revisions\/3431"}],"wp:attachment":[{"href":"https:\/\/medyk.wroclaw.dolnyslask.pl\/index.php\/wp-json\/wp\/v2\/media?parent=601"}],"curies":[{"name":"wp","href":"https:\/\/api.w.org\/{rel}","templated":true}]}}