{"id":763,"date":"2021-08-23T22:42:36","date_gmt":"2021-08-23T20:42:36","guid":{"rendered":"http:\/\/medyk.wroclaw.dolnyslask.pl\/?page_id=763"},"modified":"2022-08-11T21:06:28","modified_gmt":"2022-08-11T19:06:28","slug":"spacer-3d-po-szkole","status":"publish","type":"page","link":"https:\/\/medyk.wroclaw.dolnyslask.pl\/index.php\/spacer-3d-po-szkole\/","title":{"rendered":"Spacer 3D po szkole"},"content":{"rendered":"<p><img loading=\"lazy\" decoding=\"async\" class=\"size-medium wp-image-251 alignleft\" src=\"http:\/\/medyk.wroclaw.dolnyslask.pl\/wp-content\/uploads\/2021\/05\/slajd1-300x225.jpg\" alt=\"Dolnosl\u0105ska Szko\u0142a Policealna Medyczna we Wroc\u0142awiu - widok budynku\" width=\"300\" height=\"225\" srcset=\"https:\/\/medyk.wroclaw.dolnyslask.pl\/wp-content\/uploads\/2021\/05\/slajd1-300x225.jpg 300w, https:\/\/medyk.wroclaw.dolnyslask.pl\/wp-content\/uploads\/2021\/05\/slajd1.jpg 519w\" sizes=\"auto, (max-width: 300px) 100vw, 300px\" \/>Zapraszamy do naszej szko\u0142y!<\/p>\n<p>Na dobry pocz\u0105tek &#8211; w formie wirtualnego spaceru!<\/p>\n<p>[vc_row][vc_column][vc_btn title=&#8221;Wirtualny spacer&#8221; color=&#8221;danger&#8221; link=&#8221;url:https%3A%2F%2Fmy.matterport.com%2Fshow%2F%3Fm%3DCHRosTRbp9n|title:Kliknij%20tutaj|target:_blank&#8221;][\/vc_column][\/vc_row]<\/p>\n","protected":false},"excerpt":{"rendered":"<p>Zapraszamy do naszej szko\u0142y! Na dobry pocz\u0105tek &#8211; w formie wirtualnego spaceru! [vc_row][vc_column][vc_btn title=&#8221;Wirtualny spacer&#8221; color=&#8221;danger&#8221; link=&#8221;url:https%3A%2F%2Fmy.matterport.com%2Fshow%2F%3Fm%3DCHRosTRbp9n|title:Kliknij%20tutaj|target:_blank&#8221;][\/vc_column][\/vc_row]<\/p>\n","protected":false},"author":1,"featured_media":0,"parent":0,"menu_order":0,"comment_status":"closed","ping_status":"closed","template":"","meta":{"footnotes":""},"class_list":["post-763","page","type-page","status-publish","hentry","clearfix"],"_links":{"self":[{"href":"https:\/\/medyk.wroclaw.dolnyslask.pl\/index.php\/wp-json\/wp\/v2\/pages\/763","targetHints":{"allow":["GET"]}}],"collection":[{"href":"https:\/\/medyk.wroclaw.dolnyslask.pl\/index.php\/wp-json\/wp\/v2\/pages"}],"about":[{"href":"https:\/\/medyk.wroclaw.dolnyslask.pl\/index.php\/wp-json\/wp\/v2\/types\/page"}],"author":[{"embeddable":true,"href":"https:\/\/medyk.wroclaw.dolnyslask.pl\/index.php\/wp-json\/wp\/v2\/users\/1"}],"replies":[{"embeddable":true,"href":"https:\/\/medyk.wroclaw.dolnyslask.pl\/index.php\/wp-json\/wp\/v2\/comments?post=763"}],"version-history":[{"count":5,"href":"https:\/\/medyk.wroclaw.dolnyslask.pl\/index.php\/wp-json\/wp\/v2\/pages\/763\/revisions"}],"predecessor-version":[{"id":3503,"href":"https:\/\/medyk.wroclaw.dolnyslask.pl\/index.php\/wp-json\/wp\/v2\/pages\/763\/revisions\/3503"}],"wp:attachment":[{"href":"https:\/\/medyk.wroclaw.dolnyslask.pl\/index.php\/wp-json\/wp\/v2\/media?parent=763"}],"curies":[{"name":"wp","href":"https:\/\/api.w.org\/{rel}","templated":true}]}}