{"id":81,"date":"2021-07-27T13:07:33","date_gmt":"2021-07-27T11:07:33","guid":{"rendered":"http:\/\/medyk.wroclaw.dolnyslask.pl\/?page_id=81"},"modified":"2026-04-21T16:32:42","modified_gmt":"2026-04-21T14:32:42","slug":"strona-glowna","status":"publish","type":"page","link":"https:\/\/medyk.wroclaw.dolnyslask.pl\/","title":{"rendered":"Strona g\u0142\u00f3wna"},"content":{"rendered":"<p>[vc_row][vc_column css=&#8221;.vc_custom_1748715478535{background-color: #ffffff !important;}&#8221;][vc_empty_space height=&#8221;10px&#8221;][vc_column_text]<a href=\"https:\/\/medyk.wroclaw.dolnyslask.pl\/index.php\/konkursy\/\"><img loading=\"lazy\" decoding=\"async\" class=\"size-large wp-image-12662 aligncenter\" src=\"https:\/\/medyk.wroclaw.dolnyslask.pl\/wp-content\/uploads\/2026\/04\/Zrzut-ekranu-2026-04-21-155640-1024x566.png\" alt=\"\" width=\"1024\" height=\"566\" srcset=\"https:\/\/medyk.wroclaw.dolnyslask.pl\/wp-content\/uploads\/2026\/04\/Zrzut-ekranu-2026-04-21-155640-1024x566.png 1024w, https:\/\/medyk.wroclaw.dolnyslask.pl\/wp-content\/uploads\/2026\/04\/Zrzut-ekranu-2026-04-21-155640-300x166.png 300w, https:\/\/medyk.wroclaw.dolnyslask.pl\/wp-content\/uploads\/2026\/04\/Zrzut-ekranu-2026-04-21-155640-768x424.png 768w, https:\/\/medyk.wroclaw.dolnyslask.pl\/wp-content\/uploads\/2026\/04\/Zrzut-ekranu-2026-04-21-155640.png 1171w\" sizes=\"auto, (max-width: 1024px) 100vw, 1024px\" \/><\/a>[\/vc_column_text][vc_empty_space height=&#8221;10px&#8221;][\/vc_column][\/vc_row][vc_row][vc_column css=&#8221;.vc_custom_1748715478535{background-color: #ffffff !important;}&#8221;][vc_column_text]<a href=\"https:\/\/medyk.wroclaw.dolnyslask.pl\/index.php\/xi-miedzykierunkowe-warsztaty-prozdrowotne-z-cyklu-wiosenne-porzadki-dla-zdrowia\/2026\/04\/16\/ppowilan\/\"><img loading=\"lazy\" decoding=\"async\" class=\"alignnone size-large wp-image-12620\" src=\"https:\/\/medyk.wroclaw.dolnyslask.pl\/wp-content\/uploads\/2026\/04\/Zrzut-ekranu-2026-04-16-180502-1024x876.png\" alt=\"\" width=\"1024\" height=\"876\" srcset=\"https:\/\/medyk.wroclaw.dolnyslask.pl\/wp-content\/uploads\/2026\/04\/Zrzut-ekranu-2026-04-16-180502-1024x876.png 1024w, https:\/\/medyk.wroclaw.dolnyslask.pl\/wp-content\/uploads\/2026\/04\/Zrzut-ekranu-2026-04-16-180502-300x257.png 300w, https:\/\/medyk.wroclaw.dolnyslask.pl\/wp-content\/uploads\/2026\/04\/Zrzut-ekranu-2026-04-16-180502-768x657.png 768w, https:\/\/medyk.wroclaw.dolnyslask.pl\/wp-content\/uploads\/2026\/04\/Zrzut-ekranu-2026-04-16-180502.png 1152w\" sizes=\"auto, (max-width: 1024px) 100vw, 1024px\" \/><\/a>[\/vc_column_text][vc_empty_space height=&#8221;10px&#8221;][\/vc_column][\/vc_row][vc_row][vc_column css=&#8221;.vc_custom_1748715478535{background-color: #ffffff !important;}&#8221;][vc_column_text]<\/p>\n<h1 style=\"text-align: center; font-size: 3em;\"><strong>KIERUNKI KSZTA\u0141CENIA<\/strong><\/h1>\n<p>[\/vc_column_text][vc_column_text][\/vc_column_text][\/vc_column][\/vc_row][vc_row css=&#8221;.vc_custom_1629718125767{border-left-width: 40px !important;}&#8221;][vc_column width=&#8221;1\/3&#8243; css=&#8221;.vc_custom_1748715533843{background-color: #ffffff !important;}&#8221;][vc_single_image image=&#8221;10769&#8243; add_caption=&#8221;yes&#8221; alignment=&#8221;center&#8221; style=&#8221;vc_box_border&#8221; border_color=&#8221;white&#8221; onclick=&#8221;custom_link&#8221; css_animation=&#8221;zoomIn&#8221; title=&#8221;Technik dentystyczny&#8221; link=&#8221;\/index.php\/technik-dentystyczny-3\/&#8221;][\/vc_column][vc_column width=&#8221;1\/3&#8243; css=&#8221;.vc_custom_1748715544750{background-color: #ffffff !important;}&#8221;][vc_single_image image=&#8221;10772&#8243; add_caption=&#8221;yes&#8221; alignment=&#8221;center&#8221; style=&#8221;vc_box_border&#8221; border_color=&#8221;white&#8221; onclick=&#8221;custom_link&#8221; css_animation=&#8221;zoomIn&#8221; title=&#8221;Technik elektroradiolog&#8221; link=&#8221;\/index.php\/technik-elektroradiolog\/&#8221;][\/vc_column][vc_column width=&#8221;1\/3&#8243; css=&#8221;.vc_custom_1748715554817{background-color: #ffffff !important;}&#8221;][vc_single_image image=&#8221;10775&#8243; add_caption=&#8221;yes&#8221; alignment=&#8221;center&#8221; style=&#8221;vc_box_border&#8221; border_color=&#8221;white&#8221; onclick=&#8221;custom_link&#8221; css_animation=&#8221;zoomIn&#8221; title=&#8221;Technik farmaceutyczny&#8221; link=&#8221;\/index.php\/technik-farmaceutyczny-rok-powstania-1952\/&#8221;][\/vc_column][\/vc_row][vc_row][vc_column width=&#8221;1\/3&#8243; css=&#8221;.vc_custom_1748715539785{background-color: #ffffff !important;}&#8221;][vc_single_image image=&#8221;10778&#8243; add_caption=&#8221;yes&#8221; alignment=&#8221;center&#8221; style=&#8221;vc_box_border&#8221; border_color=&#8221;white&#8221; onclick=&#8221;custom_link&#8221; css_animation=&#8221;zoomIn&#8221; title=&#8221;Asystentka stomatologiczna&#8221; link=&#8221;\/index.php\/asystentka-stomatologiczna\/&#8221;][\/vc_column][vc_column width=&#8221;1\/3&#8243; css=&#8221;.vc_custom_1748715549892{background-color: #ffffff !important;}&#8221;][vc_single_image image=&#8221;10781&#8243; add_caption=&#8221;yes&#8221; alignment=&#8221;center&#8221; style=&#8221;vc_box_border&#8221; border_color=&#8221;white&#8221; onclick=&#8221;custom_link&#8221; css_animation=&#8221;zoomIn&#8221; title=&#8221;Opiekun medyczny&#8221; link=&#8221;\/index.php\/opiekun-medyczny\/&#8221;][\/vc_column][vc_column width=&#8221;1\/3&#8243; css=&#8221;.vc_custom_1748715561848{background-color: #ffffff !important;}&#8221;][vc_single_image image=&#8221;10784&#8243; add_caption=&#8221;yes&#8221; alignment=&#8221;center&#8221; style=&#8221;vc_box_border&#8221; border_color=&#8221;white&#8221; onclick=&#8221;custom_link&#8221; css_animation=&#8221;zoomIn&#8221; title=&#8221;Higienistka stomatologiczna&#8221; link=&#8221;\/index.php\/higienistka-stomatologiczna-2\/&#8221;][\/vc_column][\/vc_row][vc_row][vc_column css=&#8221;.vc_custom_1748715437990{background-color: #ffffff !important;}&#8221;][vc_empty_space height=&#8221;10px&#8221;][vc_column_text][\/vc_column_text][vc_empty_space height=&#8221;10px&#8221;][vc_column_text]<\/p>\n<h1 style=\"text-align: center; font-size: 3em;\"><strong>SOCIAL MEDIA<\/strong><\/h1>\n<p>[\/vc_column_text][\/vc_column][\/vc_row][vc_row css=&#8221;.vc_custom_1629718125767{border-left-width: 40px !important;}&#8221;][vc_column width=&#8221;1\/3&#8243; css=&#8221;.vc_custom_1748715384529{background-color: #ffffff !important;}&#8221;][vc_empty_space height=&#8221;10px&#8221;][vc_single_image image=&#8221;7535&#8243; add_caption=&#8221;yes&#8221; alignment=&#8221;center&#8221; onclick=&#8221;custom_link&#8221; css_animation=&#8221;zoomIn&#8221; title=&#8221;FACEBOOK&#8221; link=&#8221;https:\/\/www.facebook.com\/p\/Dolno%C5%9Bl%C4%85ska-Szko%C5%82a-Policealna-Medyczna-imMSk%C5%82odowskiej-Curie-we-Wroc%C5%82awiu-100057505117851\/?locale=pl_PL&#8221; css=&#8221;.vc_custom_1698954721415{background-color: #ffffff !important;}&#8221;][\/vc_column][vc_column width=&#8221;1\/3&#8243; css=&#8221;.vc_custom_1748715391676{background-color: #ffffff !important;}&#8221;][vc_empty_space height=&#8221;10px&#8221;][vc_single_image image=&#8221;7526&#8243; add_caption=&#8221;yes&#8221; alignment=&#8221;center&#8221; onclick=&#8221;custom_link&#8221; css_animation=&#8221;zoomIn&#8221; title=&#8221;INSTAGRAM&#8221; link=&#8221;https:\/\/www.instagram.com\/dspm_wroclaw\/&#8221;][\/vc_column][vc_column width=&#8221;1\/3&#8243; css=&#8221;.vc_custom_1748715397726{background-color: #ffffff !important;}&#8221;][vc_empty_space height=&#8221;10px&#8221;][vc_single_image image=&#8221;7523&#8243; add_caption=&#8221;yes&#8221; alignment=&#8221;center&#8221; onclick=&#8221;custom_link&#8221; css_animation=&#8221;zoomIn&#8221; title=&#8221;TIKTOK&#8221; link=&#8221;https:\/\/www.tiktok.com\/@dspmwro&#8221;][\/vc_column][\/vc_row][vc_row][vc_column css=&#8221;.vc_custom_1748715492979{background-color: #ffffff !important;}&#8221;][vc_empty_space height=&#8221;10px&#8221;][vc_empty_space height=&#8221;10px&#8221;][vc_column_text]<\/p>\n<h1 style=\"text-align: center; font-size: 3em;\"><strong>B\u0104D\u0179 NA BIE\u017b\u0104CO<\/strong><\/h1>\n<p>[\/vc_column_text][\/vc_column][\/vc_row][vc_row][vc_column css=&#8221;.vc_custom_1748715501546{background-color: #ffffff !important;}&#8221;][vc_wp_posts title=&#8221;Aktualno\u015bci&#8221; number=&#8221;14&#8243; show_date=&#8221;1&#8243;][vc_empty_space height=&#8221;10px&#8221;][vc_empty_space height=&#8221;10px&#8221;][vc_column_text]<img loading=\"lazy\" decoding=\"async\" class=\"size-full wp-image-12041 aligncenter\" src=\"https:\/\/medyk.wroclaw.dolnyslask.pl\/wp-content\/uploads\/2026\/02\/Zrzut-ekranu-2026-02-19-205704.png\" alt=\"\" width=\"901\" height=\"864\" srcset=\"https:\/\/medyk.wroclaw.dolnyslask.pl\/wp-content\/uploads\/2026\/02\/Zrzut-ekranu-2026-02-19-205704.png 901w, https:\/\/medyk.wroclaw.dolnyslask.pl\/wp-content\/uploads\/2026\/02\/Zrzut-ekranu-2026-02-19-205704-300x288.png 300w, https:\/\/medyk.wroclaw.dolnyslask.pl\/wp-content\/uploads\/2026\/02\/Zrzut-ekranu-2026-02-19-205704-768x736.png 768w\" sizes=\"auto, (max-width: 901px) 100vw, 901px\" \/>[\/vc_column_text][\/vc_column][\/vc_row][vc_row][vc_column][vc_empty_space height=&#8221;10px&#8221;][vc_column_text]<\/p>\n<h1 style=\"text-align: center; font-size: 3em;\"><strong>\ud83d\udcd6 \u00a0<a href=\"https:\/\/medyk.wroclaw.dolnyslask.pl\/index.php\/kacik-wiedzy\/\">K\u0104CIK WIEDZY DSPM<\/a>\u00a0 \u00a0\ud83d\udcd6<\/strong><\/h1>\n<p>[\/vc_column_text][\/vc_column][\/vc_row]<\/p>\n","protected":false},"excerpt":{"rendered":"<p>[vc_row][vc_column css=&#8221;.vc_custom_1748715478535{background-color: #ffffff !important;}&#8221;][vc_empty_space height=&#8221;10px&#8221;][vc_column_text][\/vc_column_text][vc_empty_space height=&#8221;10px&#8221;][\/vc_column][\/vc_row][vc_row][vc_column css=&#8221;.vc_custom_1748715478535{background-color: #ffffff !important;}&#8221;][vc_column_text][\/vc_column_text][vc_empty_space height=&#8221;10px&#8221;][\/vc_column][\/vc_row][vc_row][vc_column css=&#8221;.vc_custom_1748715478535{background-color: #ffffff !important;}&#8221;][vc_column_text] KIERUNKI KSZTA\u0141CENIA [\/vc_column_text][vc_column_text][\/vc_column_text][\/vc_column][\/vc_row][vc_row css=&#8221;.vc_custom_1629718125767{border-left-width: 40px !important;}&#8221;][vc_column width=&#8221;1\/3&#8243; css=&#8221;.vc_custom_1748715533843{background-color: #ffffff !important;}&#8221;][vc_single_image image=&#8221;10769&#8243; add_caption=&#8221;yes&#8221; alignment=&#8221;center&#8221; style=&#8221;vc_box_border&#8221; border_color=&#8221;white&#8221; onclick=&#8221;custom_link&#8221; css_animation=&#8221;zoomIn&#8221; [&hellip;]<\/p>\n","protected":false},"author":1,"featured_media":0,"parent":0,"menu_order":0,"comment_status":"closed","ping_status":"closed","template":"","meta":{"footnotes":""},"class_list":["post-81","page","type-page","status-publish","hentry","clearfix"],"_links":{"self":[{"href":"https:\/\/medyk.wroclaw.dolnyslask.pl\/index.php\/wp-json\/wp\/v2\/pages\/81","targetHints":{"allow":["GET"]}}],"collection":[{"href":"https:\/\/medyk.wroclaw.dolnyslask.pl\/index.php\/wp-json\/wp\/v2\/pages"}],"about":[{"href":"https:\/\/medyk.wroclaw.dolnyslask.pl\/index.php\/wp-json\/wp\/v2\/types\/page"}],"author":[{"embeddable":true,"href":"https:\/\/medyk.wroclaw.dolnyslask.pl\/index.php\/wp-json\/wp\/v2\/users\/1"}],"replies":[{"embeddable":true,"href":"https:\/\/medyk.wroclaw.dolnyslask.pl\/index.php\/wp-json\/wp\/v2\/comments?post=81"}],"version-history":[{"count":280,"href":"https:\/\/medyk.wroclaw.dolnyslask.pl\/index.php\/wp-json\/wp\/v2\/pages\/81\/revisions"}],"predecessor-version":[{"id":12683,"href":"https:\/\/medyk.wroclaw.dolnyslask.pl\/index.php\/wp-json\/wp\/v2\/pages\/81\/revisions\/12683"}],"wp:attachment":[{"href":"https:\/\/medyk.wroclaw.dolnyslask.pl\/index.php\/wp-json\/wp\/v2\/media?parent=81"}],"curies":[{"name":"wp","href":"https:\/\/api.w.org\/{rel}","templated":true}]}}