{"id":931,"date":"2021-12-20T09:44:46","date_gmt":"2021-12-20T08:44:46","guid":{"rendered":"http:\/\/medyk.wroclaw.dolnyslask.pl\/?page_id=931"},"modified":"2022-07-08T09:35:12","modified_gmt":"2022-07-08T07:35:12","slug":"dolnoslaska-szkola-policealna-medyczna-we-wroclawiu","status":"publish","type":"page","link":"https:\/\/medyk.wroclaw.dolnyslask.pl\/index.php\/dolnoslaska-szkola-policealna-medyczna-we-wroclawiu\/","title":{"rendered":"Dolno\u015bl\u0105ska Szko\u0142a Policealna Medyczna we Wroc\u0142awiu"},"content":{"rendered":"<p><a href=\"http:\/\/medyk.wroclaw.dolnyslask.pl\/index.php\/dspm-grudzien-2021\/\">DSPM grudzie\u0144 2021<\/a><\/p>\n<p><a href=\"http:\/\/medyk.wroclaw.dolnyslask.pl\/index.php\/dspm-styczen-2022\/\">DSPM stycze\u0144 2022<\/a><\/p>\n<p><a href=\"http:\/\/medyk.wroclaw.dolnyslask.pl\/index.php\/dspm-luty-2022\/\">DSPM Luty 2022<\/a><\/p>\n<p><a href=\"http:\/\/medyk.wroclaw.dolnyslask.pl\/index.php\/dspm-marzec-2022\/\">DSPM Marzec 2022<\/a><\/p>\n<p><a href=\"http:\/\/medyk.wroclaw.dolnyslask.pl\/index.php\/dspm-kwiecien-2022\/\">DSPM Kwiecie\u0144 2022<\/a><\/p>\n<p><a href=\"http:\/\/medyk.wroclaw.dolnyslask.pl\/index.php\/dspm-maj-2022\/\">DSPM Maj 2022<\/a><\/p>\n<p><a href=\"http:\/\/medyk.wroclaw.dolnyslask.pl\/index.php\/dspm-czerwiec-2022\/\">DSPM Czerwiec 2022<\/a><\/p>\n<p>&nbsp;<\/p>\n","protected":false},"excerpt":{"rendered":"<p>DSPM grudzie\u0144 2021 DSPM stycze\u0144 2022 DSPM Luty 2022 DSPM Marzec 2022 DSPM Kwiecie\u0144 2022 DSPM Maj 2022 DSPM Czerwiec 2022 &nbsp;<\/p>\n","protected":false},"author":15,"featured_media":0,"parent":0,"menu_order":0,"comment_status":"closed","ping_status":"closed","template":"","meta":{"footnotes":""},"class_list":["post-931","page","type-page","status-publish","hentry","clearfix"],"_links":{"self":[{"href":"https:\/\/medyk.wroclaw.dolnyslask.pl\/index.php\/wp-json\/wp\/v2\/pages\/931","targetHints":{"allow":["GET"]}}],"collection":[{"href":"https:\/\/medyk.wroclaw.dolnyslask.pl\/index.php\/wp-json\/wp\/v2\/pages"}],"about":[{"href":"https:\/\/medyk.wroclaw.dolnyslask.pl\/index.php\/wp-json\/wp\/v2\/types\/page"}],"author":[{"embeddable":true,"href":"https:\/\/medyk.wroclaw.dolnyslask.pl\/index.php\/wp-json\/wp\/v2\/users\/15"}],"replies":[{"embeddable":true,"href":"https:\/\/medyk.wroclaw.dolnyslask.pl\/index.php\/wp-json\/wp\/v2\/comments?post=931"}],"version-history":[{"count":12,"href":"https:\/\/medyk.wroclaw.dolnyslask.pl\/index.php\/wp-json\/wp\/v2\/pages\/931\/revisions"}],"predecessor-version":[{"id":2714,"href":"https:\/\/medyk.wroclaw.dolnyslask.pl\/index.php\/wp-json\/wp\/v2\/pages\/931\/revisions\/2714"}],"wp:attachment":[{"href":"https:\/\/medyk.wroclaw.dolnyslask.pl\/index.php\/wp-json\/wp\/v2\/media?parent=931"}],"curies":[{"name":"wp","href":"https:\/\/api.w.org\/{rel}","templated":true}]}}