{"id":942,"date":"2021-12-20T10:19:56","date_gmt":"2021-12-20T09:19:56","guid":{"rendered":"http:\/\/medyk.wroclaw.dolnyslask.pl\/?page_id=942"},"modified":"2022-01-03T11:17:45","modified_gmt":"2022-01-03T10:17:45","slug":"wsparcie-ksztalcenia-zawodowego-poprawa-efektow","status":"publish","type":"page","link":"https:\/\/medyk.wroclaw.dolnyslask.pl\/index.php\/wsparcie-ksztalcenia-zawodowego-poprawa-efektow\/","title":{"rendered":"Wsparcie Kszta\u0142cenia Zawodowego &#8211; Poprawa Efekt\u00f3w"},"content":{"rendered":"<p><a href=\"http:\/\/medyk.wroclaw.dolnyslask.pl\/index.php\/skrocony-opis-projektu\/\">Skr\u00f3cony Opis Projektu<\/a><\/p>\n<p><a href=\"http:\/\/medyk.wroclaw.dolnyslask.pl\/index.php\/harmonogramy-wsparcia\/\">Harmonogramy Wsparcia<\/a><\/p>\n<p><a href=\"http:\/\/medyk.wroclaw.dolnyslask.pl\/index.php\/organizacja-i-rozliczenie-stazy\/\">Organizacja i Rozliczenie Sta\u017cy<\/a><\/p>\n<p><a href=\"http:\/\/medyk.wroclaw.dolnyslask.pl\/index.php\/wzory-dokumentow\/\">Wzory dokument\u00f3w<\/a><\/p>\n","protected":false},"excerpt":{"rendered":"<p>Skr\u00f3cony Opis Projektu Harmonogramy Wsparcia Organizacja i Rozliczenie Sta\u017cy Wzory dokument\u00f3w<\/p>\n","protected":false},"author":15,"featured_media":0,"parent":0,"menu_order":0,"comment_status":"closed","ping_status":"closed","template":"","meta":{"footnotes":""},"class_list":["post-942","page","type-page","status-publish","hentry","clearfix"],"_links":{"self":[{"href":"https:\/\/medyk.wroclaw.dolnyslask.pl\/index.php\/wp-json\/wp\/v2\/pages\/942","targetHints":{"allow":["GET"]}}],"collection":[{"href":"https:\/\/medyk.wroclaw.dolnyslask.pl\/index.php\/wp-json\/wp\/v2\/pages"}],"about":[{"href":"https:\/\/medyk.wroclaw.dolnyslask.pl\/index.php\/wp-json\/wp\/v2\/types\/page"}],"author":[{"embeddable":true,"href":"https:\/\/medyk.wroclaw.dolnyslask.pl\/index.php\/wp-json\/wp\/v2\/users\/15"}],"replies":[{"embeddable":true,"href":"https:\/\/medyk.wroclaw.dolnyslask.pl\/index.php\/wp-json\/wp\/v2\/comments?post=942"}],"version-history":[{"count":7,"href":"https:\/\/medyk.wroclaw.dolnyslask.pl\/index.php\/wp-json\/wp\/v2\/pages\/942\/revisions"}],"predecessor-version":[{"id":1136,"href":"https:\/\/medyk.wroclaw.dolnyslask.pl\/index.php\/wp-json\/wp\/v2\/pages\/942\/revisions\/1136"}],"wp:attachment":[{"href":"https:\/\/medyk.wroclaw.dolnyslask.pl\/index.php\/wp-json\/wp\/v2\/media?parent=942"}],"curies":[{"name":"wp","href":"https:\/\/api.w.org\/{rel}","templated":true}]}}