{"id":959,"date":"2021-12-20T10:31:54","date_gmt":"2021-12-20T09:31:54","guid":{"rendered":"http:\/\/medyk.wroclaw.dolnyslask.pl\/?page_id=959"},"modified":"2022-07-11T09:30:51","modified_gmt":"2022-07-11T07:30:51","slug":"harmonogramy-wsparcia","status":"publish","type":"page","link":"https:\/\/medyk.wroclaw.dolnyslask.pl\/index.php\/harmonogramy-wsparcia\/","title":{"rendered":"Harmonogramy Wsparcia"},"content":{"rendered":"<p><a href=\"http:\/\/medyk.wroclaw.dolnyslask.pl\/index.php\/staze-lista\/\">Sta\u017ce lista<\/a><\/p>\n<p><a href=\"http:\/\/medyk.wroclaw.dolnyslask.pl\/index.php\/dolnoslaska-szkola-policealna-medyczna-we-wroclawiu\/\">Dolno\u015bl\u0105ska Szko\u0142a Policealna Medyczna we Wroc\u0142awiu<\/a><\/p>\n<p><a href=\"http:\/\/medyk.wroclaw.dolnyslask.pl\/index.php\/powiat-swidnicki\/\">Powiat \u015awidnicki<\/a><\/p>\n<p><a href=\"http:\/\/medyk.wroclaw.dolnyslask.pl\/index.php\/powiat-olesnicki-2\/\">Powiat Ole\u015bnicki<\/a><\/p>\n<p><a href=\"http:\/\/medyk.wroclaw.dolnyslask.pl\/index.php\/gmina-wroclaw-2\/\">Gmina Wroc\u0142aw<\/a><\/p>\n<p><a href=\"http:\/\/medyk.wroclaw.dolnyslask.pl\/index.php\/gmina-walbrzych\/\">Gmina Wa\u0142brzych<\/a><\/p>\n<p><a href=\"http:\/\/medyk.wroclaw.dolnyslask.pl\/index.php\/gmina-legnica-2\/\">Gmina Legnica<\/a><\/p>\n<p><a href=\"http:\/\/medyk.wroclaw.dolnyslask.pl\/index.php\/powiat-boleslawiecki\/\">Powiat Boles\u0142awiecki<\/a><\/p>\n<p><a href=\"http:\/\/medyk.wroclaw.dolnyslask.pl\/index.php\/powiat-lwowecki\/\">Powiat Lw\u00f3wecki<\/a><\/p>\n<p><a href=\"http:\/\/medyk.wroclaw.dolnyslask.pl\/index.php\/powiat-lubinski\/\">Powiat Lubi\u0144ski<\/a><\/p>\n<p><a href=\"http:\/\/medyk.wroclaw.dolnyslask.pl\/index.php\/powiat-wroclawski-2\/\">Powiat Wroc\u0142awski<\/a><\/p>\n<p><a href=\"http:\/\/medyk.wroclaw.dolnyslask.pl\/index.php\/powiat-klodzki\/\">Powiat K\u0142odzki<\/a><\/p>\n<p><a href=\"http:\/\/medyk.wroclaw.dolnyslask.pl\/index.php\/archiwum\/\">archiwum<\/a><\/p>\n","protected":false},"excerpt":{"rendered":"<p>Sta\u017ce lista Dolno\u015bl\u0105ska Szko\u0142a Policealna Medyczna we Wroc\u0142awiu Powiat \u015awidnicki Powiat Ole\u015bnicki Gmina Wroc\u0142aw Gmina Wa\u0142brzych Gmina Legnica Powiat Boles\u0142awiecki Powiat Lw\u00f3wecki Powiat Lubi\u0144ski Powiat Wroc\u0142awski Powiat K\u0142odzki archiwum<\/p>\n","protected":false},"author":15,"featured_media":0,"parent":0,"menu_order":0,"comment_status":"closed","ping_status":"closed","template":"","meta":{"footnotes":""},"class_list":["post-959","page","type-page","status-publish","hentry","clearfix"],"_links":{"self":[{"href":"https:\/\/medyk.wroclaw.dolnyslask.pl\/index.php\/wp-json\/wp\/v2\/pages\/959","targetHints":{"allow":["GET"]}}],"collection":[{"href":"https:\/\/medyk.wroclaw.dolnyslask.pl\/index.php\/wp-json\/wp\/v2\/pages"}],"about":[{"href":"https:\/\/medyk.wroclaw.dolnyslask.pl\/index.php\/wp-json\/wp\/v2\/types\/page"}],"author":[{"embeddable":true,"href":"https:\/\/medyk.wroclaw.dolnyslask.pl\/index.php\/wp-json\/wp\/v2\/users\/15"}],"replies":[{"embeddable":true,"href":"https:\/\/medyk.wroclaw.dolnyslask.pl\/index.php\/wp-json\/wp\/v2\/comments?post=959"}],"version-history":[{"count":16,"href":"https:\/\/medyk.wroclaw.dolnyslask.pl\/index.php\/wp-json\/wp\/v2\/pages\/959\/revisions"}],"predecessor-version":[{"id":2897,"href":"https:\/\/medyk.wroclaw.dolnyslask.pl\/index.php\/wp-json\/wp\/v2\/pages\/959\/revisions\/2897"}],"wp:attachment":[{"href":"https:\/\/medyk.wroclaw.dolnyslask.pl\/index.php\/wp-json\/wp\/v2\/media?parent=959"}],"curies":[{"name":"wp","href":"https:\/\/api.w.org\/{rel}","templated":true}]}}